{"id":963,"date":"2019-07-21T20:42:03","date_gmt":"2019-07-21T17:42:03","guid":{"rendered":"http:\/\/www.plastikpaletvekasa.com\/?post_type=product&#038;p=963"},"modified":"2023-10-31T17:38:34","modified_gmt":"2023-10-31T14:38:34","slug":"hijyenik-plastik-palet-100x130cm-kd-kopya","status":"publish","type":"product","link":"https:\/\/www.eliteplast.com.tr\/en\/product\/hijyenik-plastik-palet-100x130cm-kd-kopya\/","title":{"rendered":"Hijyenik Plastik Palet 100x100cm KD"},"content":{"rendered":"<h4>Hijyenik Plastik Palet 100x100cm KD grubu;<\/h4>\n<p>Hijyenik Plastik Palet 100x100cm KD, orta s\u0131n\u0131f b\u00fcy\u00fckl\u00fc\u011f\u00fcndeki y\u00fckler i\u00e7in idealdir. \u00d6zellikle g\u0131daya uygun olmak ko\u015fulu ile t\u00fcm g\u0131da ve ila\u00e7 sekt\u00f6r\u00fc firmalar\u0131 taraf\u0131ndan kullan\u0131labilmekte ve tercih edilmektedir. M\u00fc\u015fteri tercihine g\u00f6re kendi i\u00e7inde bir \u00e7ok \u00f6l\u00e7\u00fc ve model gruplar\u0131na ayr\u0131lmaktad\u0131r.\u0130\u015flenmemi\u015f (virgin) PP hammaddeden \u00fcretilmektedir. Erimi\u015f plasti\u011fin, palet i\u00e7eri\u011fine en \u00fcst d\u00fczeyde da\u011f\u0131l\u0131m g\u00f6stermesinden dolay\u0131 d\u00fc\u015f\u00fck a\u011f\u0131rl\u0131\u011f\u0131na ra\u011fmen y\u00fcksek ta\u015f\u0131ma kapasitesine sahiptir. Ki\u015fiye \u00f6zel renk se\u00e7enekleriyle \u00fcretilebilmektedir. Kolay temizlenebilir, b\u00f6ceklenme ve ya \u00e7\u00fcr\u00fcme gibi deformasyonlara u\u011framaz. 3 ve 5 K\u0131zakl\u0131 &amp; K\u0131zaks\u0131z, \u00dcst\u00fc Kapal\u0131 &amp; \u00dcst\u00fc A\u00e7\u0131k olarak kullan\u0131c\u0131n\u0131n iste\u011fine g\u00f6re de\u011fi\u015fim g\u00f6stermektedir. Opsiyonel olarak m\u00fc\u015fterilerimizin kullanma alanlar\u0131 i\u00e7in g\u00fcvenlik t\u0131rnaklar\u0131 ve stre\u00e7 film tutacaklar\u0131 bulunmaktad\u0131r. Firmalara \u00f6zel logo bask\u0131s\u0131 ve renklendirme se\u00e7enekleri de mevcuttur. \u00d6zel renk se\u00e7eneklerinde stokta bulunmayan \u00fcr\u00fcnlerimiz i\u00e7in minimum \u00fcretim adeti istenmektedir.<\/p>\n<p>Hijyenik Plastik Palet 100x100cm KD \u00f6l\u00e7\u00fc se\u00e7enekleri: 80&#215;100, 80&#215;110, 80&#215;120, 80&#215;130. 90&#215;100, 90&#215;110, 90&#215;120, 90&#215;130. 100&#215;100, 100&#215;110, 100&#215;120, 100&#215;130, 110&#215;110, 110&#215;120, 110&#215;130. olarak hijyenik plastik palet grubu alan\u0131nda en \u00e7ok \u00f6l\u00e7\u00fc \u00e7e\u015fitlili\u011fine sahiptir. Sekt\u00f6rel olarak kullan\u0131m alanlar\u0131, istifleme, \u00fcretilen \u00fcr\u00fcn hacmi ve paketleme gibi bir \u00e7ok sebepten dolay\u0131 farkl\u0131 \u00f6l\u00e7\u00fcler tercih edilmektedir. Bizler bu \u00f6l\u00e7\u00fc \u00e7e\u015fitlili\u011fi sayesinde, siz de\u011ferli m\u00fc\u015fterilerimizin kullan\u0131m\u0131na y\u00f6nelik en d\u00fc\u015f\u00fck maliyetli ve kullan\u0131\u015fl\u0131 \u00e7\u00f6z\u00fcmler sunuyoruz.<\/p>\n<p>. <a href=\"https:\/\/www.eliteplast.com.tr\/en\/contact-us\/\">Tekirda\u011f - Muratl\u0131 Organized Industrial Zone<\/a> bulunan kendi b\u00fcnyemizdeki kal\u0131phanemizde \u00fcretmekteyiz. Bu nedenle gerekenden daha y\u00fcksek maliyetler olmadan \u00f6zel tasar\u0131mlar da geli\u015ftiriyoruz. T\u00fcm <a href=\"http:\/\/www.plastikpaletvekasa.com\" target=\"_blank\" rel=\"noopener\">plastic palette<\/a> geli\u015ftirme ve \u00fcretim s\u00fcre\u00e7lerimizi tek \u00e7at\u0131 alt\u0131nda kendi kal\u0131phane ve \u00fcretim tesislerimizde sizler i\u00e7in tasarl\u0131yoruz. Siz de\u011ferli m\u00fc\u015fterilerimizin \u00f6zel istek ve taleplerini kar\u015f\u0131layabiliyoruz.<\/p>\n<p>We are proud to export to many countries of the world with our molding house, R&amp;D, logistics and production facilities. With the Meridian Group D.O.O, which we cooperate in the Bosnia and Herzegovina - Saray Bosnia region for exports to the European region, we expand our distribution network and provide easier access to products. <a href=\"https:\/\/www.meridijangroup.com\" target=\"_blank\" rel=\"noopener\">Meridian Group D.O.O<\/a> .<\/p>\n<p>As Elite Plast, we work diligently without compromising our quality and trust policy in order to meet the demands of our valued customers.<\/p>\n<p>&nbsp;Di\u011fer plastik palet \u00e7e\u015fitlerini incelemek i\u00e7in\u00a0<a href=\"https:\/\/www.eliteplast.com.tr\/en\/plastic-palette\/\">t\u0131klay\u0131n<\/a>.<\/p>","protected":false},"excerpt":{"rendered":"<p>1000 x 1000 x 160 mm Hijyenik Plastik Palet K\u0131zakl\u0131, \u00dcst\u00fc Delikli<\/p>","protected":false},"featured_media":966,"comment_status":"open","ping_status":"closed","template":"","meta":{"om_disable_all_campaigns":false,"_monsterinsights_skip_tracking":false,"_monsterinsights_sitenote_active":false,"_monsterinsights_sitenote_note":"","_monsterinsights_sitenote_category":0,"_uf_show_specific_survey":0,"_uf_disable_surveys":false},"product_brand":[],"product_cat":[22,115,23],"product_tag":[73,72,92,32,33,112,121,30,57,31,27,28,44,36],"class_list":{"0":"post-963","1":"product","2":"type-product","3":"status-publish","4":"has-post-thumbnail","6":"product_cat-hijyenik-palet","7":"product_cat-kizakli-delikli-tip-hijyenik-palet","8":"product_cat-plastik-palet","9":"product_tag-1000x1000mm","10":"product_tag-100x100cm","11":"product_tag-delikli","12":"product_tag-euro-palet","13":"product_tag-genel-amacli-plastik-palet","14":"product_tag-hijyenik","15":"product_tag-hijyenik-palet","16":"product_tag-ihracat","17":"product_tag-ihracat-palet","18":"product_tag-kizakli","19":"product_tag-plastik","20":"product_tag-plastik-palet","21":"product_tag-tahta-palet","22":"product_tag-ustu-acik-palet","24":"entry","25":"has-media","27":"first","28":"instock","29":"shipping-taxable","30":"purchasable","31":"product-type-variable","32":"has-product-nav","33":"col","34":"span_1_of_3","35":"owp-content-center","36":"owp-thumbs-layout-horizontal","37":"owp-btn-normal","38":"owp-tabs-layout-horizontal","39":"has-no-thumbnails"},"jetpack_sharing_enabled":true,"_links":{"self":[{"href":"https:\/\/www.eliteplast.com.tr\/en\/wp-json\/wp\/v2\/product\/963","targetHints":{"allow":["GET"]}}],"collection":[{"href":"https:\/\/www.eliteplast.com.tr\/en\/wp-json\/wp\/v2\/product"}],"about":[{"href":"https:\/\/www.eliteplast.com.tr\/en\/wp-json\/wp\/v2\/types\/product"}],"replies":[{"embeddable":true,"href":"https:\/\/www.eliteplast.com.tr\/en\/wp-json\/wp\/v2\/comments?post=963"}],"wp:featuredmedia":[{"embeddable":true,"href":"https:\/\/www.eliteplast.com.tr\/en\/wp-json\/wp\/v2\/media\/966"}],"wp:attachment":[{"href":"https:\/\/www.eliteplast.com.tr\/en\/wp-json\/wp\/v2\/media?parent=963"}],"wp:term":[{"taxonomy":"product_brand","embeddable":true,"href":"https:\/\/www.eliteplast.com.tr\/en\/wp-json\/wp\/v2\/product_brand?post=963"},{"taxonomy":"product_cat","embeddable":true,"href":"https:\/\/www.eliteplast.com.tr\/en\/wp-json\/wp\/v2\/product_cat?post=963"},{"taxonomy":"product_tag","embeddable":true,"href":"https:\/\/www.eliteplast.com.tr\/en\/wp-json\/wp\/v2\/product_tag?post=963"}],"curies":[{"name":"wp","href":"https:\/\/api.w.org\/{rel}","templated":true}]}}