{"id":786,"date":"2019-07-20T02:15:48","date_gmt":"2019-07-19T23:15:48","guid":{"rendered":"http:\/\/www.plastikpaletvekasa.com\/?post_type=product&#038;p=786"},"modified":"2023-10-31T17:38:47","modified_gmt":"2023-10-31T14:38:47","slug":"metal-profilli-yuk-paleti-100x120cmd-1xprofil","status":"publish","type":"product","link":"https:\/\/www.eliteplast.com.tr\/en\/product\/metal-profilli-yuk-paleti-100x120cmd-1xprofil\/","title":{"rendered":"Metal Profilli Y\u00fck Paleti 100x120cmD 1xProfil"},"content":{"rendered":"<h4>Metal Profilli Y\u00fck Paleti 100x120cmD 1xProfil grubu;<\/h4>\n<p>Metal Profilli Y\u00fck Paleti 100x120cmD 1xProfil dayan\u0131kl\u0131, darbelere kar\u015f\u0131 mukavemetli ve y\u00fcksek a\u011f\u0131rl\u0131klar i\u00e7in uygun bir palettir. Y\u00fcksek dola\u015f\u0131m say\u0131s\u0131n\u0131 maksimuma \u00e7\u0131kart\u0131r. \u0130hracat i\u00e7in idealdir. \u00dczerine konulacak y\u00fck\u00fcn a\u011f\u0131rl\u0131\u011f\u0131na g\u00f6re al\u00fcminyum 1x profil, 2x profil, 3x profil tak\u0131lmas\u0131 sayesinde mukavemet ve dayan\u0131m g\u00fcc\u00fc artar. Raf kullan\u0131mlar\u0131nda \u00f6zellikle b\u00fck\u00fclmeye ve esnekli\u011fe kar\u015f\u0131 dayan\u0131m\u0131 y\u00fcksektir. Profiller sayesinde raflarda kullan\u0131m \u00f6mr\u00fc \u00e7ok uzundur. \u0130\u015flenmemi\u015f PP\u00a0 hammadde\u00a0 ve birinci kalite geri d\u00f6n\u00fc\u015f\u00fcm PP hammaddeden \u00fcretilmektedir. Erimi\u015f plasti\u011fin, palet i\u00e7eri\u011fine en \u00fcst d\u00fczeyde da\u011f\u0131l\u0131m g\u00f6stermesinden dolay\u0131 orta a\u011f\u0131rl\u0131\u011f\u0131na ra\u011fmen y\u00fcksek ta\u015f\u0131ma kapasitesine sahiptir.<\/p>\n<p>Metal Profilli Y\u00fck Paleti 100x120cmD 1xProfil m\u00fc\u015fteri tercihine g\u00f6re kendi i\u00e7inde bir \u00e7ok \u00f6l\u00e7\u00fc ve model gruplar\u0131na ayr\u0131lmaktad\u0131r; 80&#215;120, 100&#215;120 olarak en \u00e7ok kullan\u0131lan \u00f6l\u00e7\u00fc grubunda \u00fcretilmektedir. Dola\u015f\u0131m oran\u0131nda da sa\u011flam ve dayan\u0131kl\u0131 tasar\u0131m\u0131ndan dolay\u0131 kullan\u0131m say\u0131s\u0131n\u0131 artt\u0131r\u0131r ve dayan\u0131m\u0131ndan dolay\u0131 maliyeti azalt\u0131r. Kolay temizlenebilir, b\u00f6ceklenme ve ya \u00e7\u00fcr\u00fcme gibi deformasyonlara u\u011framaz. \u00dcst\u00fc Kapal\u0131 &amp; \u00dcst\u00fc A\u00e7\u0131k olarak kullan\u0131c\u0131n\u0131n iste\u011fine g\u00f6re de\u011fi\u015fim g\u00f6stermektedir. Opsiyonel olarak m\u00fc\u015fterilerimizin kullanma alanlar\u0131 i\u00e7in kayd\u0131rmaz lastik, g\u00fcvenlik t\u0131rnaklar\u0131 ve stre\u00e7 film tutacaklar\u0131 bulunmaktad\u0131r. Firmalara \u00f6zel logo bask\u0131s\u0131 ve renklendirme se\u00e7enekleri de mevcuttur. \u00d6zel renk se\u00e7eneklerinde stokta bulunmayan \u00fcr\u00fcnlerimiz i\u00e7in minimum \u00fcretim adeti istenmektedir.<\/p>\n<p>. <a href=\"https:\/\/www.plastikpaletvekasa.com\/iletisim\/\" target=\"_blank\" rel=\"noopener\">Tekirda\u011f - Muratl\u0131 Organized Industrial Zone<\/a> Molds of products We manufacture in our own molding room located in Tekirda\u011f - Muratl\u0131 Organized Industrial Zone. For this reason, we also develop custom designs without higher costs than necessary. We design all our plastic pallet development and production processes for you in our own molding and production facilities under one roof. We can meet the special requests and demands of our valued customers.<\/p>\n<p>We are proud to export to many countries of the world with our molding house, R&amp;D, logistics and production facilities. With the Meridian Group D.O.O, which we cooperate in the Bosnia and Herzegovina - Saray Bosnia region for exports to the European region, we expand our distribution network and provide easier access to products. <a href=\"https:\/\/www.meridijangroup.com\" target=\"_blank\" rel=\"noopener\">Meridian Group D.O.O<\/a> .<\/p>\n<p>As Elite Plast, we work diligently without compromising our quality and trust policy in order to meet the demands of our valued customers.<\/p>\n<p>&nbsp;Di\u011fer plastik palet \u00e7e\u015fitlerini incelemek i\u00e7in\u00a0<a href=\"https:\/\/www.eliteplast.com.tr\/en\/plastic-palette\/\">t\u0131klay\u0131n<\/a>.<\/p>","protected":false},"excerpt":{"rendered":"<p>1000 x 1200 x 150 mm Metal Profilli Y\u00fck Paleti Delikli 1x Profilli<\/p>","protected":false},"featured_media":794,"comment_status":"open","ping_status":"closed","template":"","meta":{"om_disable_all_campaigns":false,"_monsterinsights_skip_tracking":false,"_monsterinsights_sitenote_active":false,"_monsterinsights_sitenote_note":"","_monsterinsights_sitenote_category":0,"_uf_show_specific_survey":0,"_uf_disable_surveys":false},"product_brand":[],"product_cat":[106,26,23],"product_tag":[77,76,96,92,32,33,30,57,31,27,28,42,44,36],"class_list":{"0":"post-786","1":"product","2":"type-product","3":"status-publish","4":"has-post-thumbnail","6":"product_cat-kizakli-delikli-tip-metal-profilli-plastik-yuk-paleti","7":"product_cat-metal-profilli-plastik-yuk-paleti","8":"product_cat-plastik-palet","9":"product_tag-1000x1200mm","10":"product_tag-100x120cm","11":"product_tag-agir-yuk","12":"product_tag-delikli","13":"product_tag-euro-palet","14":"product_tag-genel-amacli-plastik-palet","15":"product_tag-ihracat","16":"product_tag-ihracat-palet","17":"product_tag-kizakli","18":"product_tag-plastik","19":"product_tag-plastik-palet","20":"product_tag-raf-paleti","21":"product_tag-tahta-palet","22":"product_tag-ustu-acik-palet","24":"entry","25":"has-media","27":"first","28":"instock","29":"shipping-taxable","30":"purchasable","31":"product-type-variable","32":"has-default-attributes","33":"has-product-nav","34":"col","35":"span_1_of_3","36":"owp-content-center","37":"owp-thumbs-layout-horizontal","38":"owp-btn-normal","39":"owp-tabs-layout-horizontal","40":"has-no-thumbnails"},"jetpack_sharing_enabled":true,"_links":{"self":[{"href":"https:\/\/www.eliteplast.com.tr\/en\/wp-json\/wp\/v2\/product\/786","targetHints":{"allow":["GET"]}}],"collection":[{"href":"https:\/\/www.eliteplast.com.tr\/en\/wp-json\/wp\/v2\/product"}],"about":[{"href":"https:\/\/www.eliteplast.com.tr\/en\/wp-json\/wp\/v2\/types\/product"}],"replies":[{"embeddable":true,"href":"https:\/\/www.eliteplast.com.tr\/en\/wp-json\/wp\/v2\/comments?post=786"}],"wp:featuredmedia":[{"embeddable":true,"href":"https:\/\/www.eliteplast.com.tr\/en\/wp-json\/wp\/v2\/media\/794"}],"wp:attachment":[{"href":"https:\/\/www.eliteplast.com.tr\/en\/wp-json\/wp\/v2\/media?parent=786"}],"wp:term":[{"taxonomy":"product_brand","embeddable":true,"href":"https:\/\/www.eliteplast.com.tr\/en\/wp-json\/wp\/v2\/product_brand?post=786"},{"taxonomy":"product_cat","embeddable":true,"href":"https:\/\/www.eliteplast.com.tr\/en\/wp-json\/wp\/v2\/product_cat?post=786"},{"taxonomy":"product_tag","embeddable":true,"href":"https:\/\/www.eliteplast.com.tr\/en\/wp-json\/wp\/v2\/product_tag?post=786"}],"curies":[{"name":"wp","href":"https:\/\/api.w.org\/{rel}","templated":true}]}}