{"id":7468,"date":"2024-01-27T11:55:18","date_gmt":"2024-01-27T08:55:18","guid":{"rendered":"https:\/\/www.eliteplast.com.tr\/?post_type=product&#038;p=7468"},"modified":"2024-02-21T22:16:56","modified_gmt":"2024-02-21T19:16:56","slug":"ic-ice-gecebilen-plastik-palet-60x80cm","status":"publish","type":"product","link":"https:\/\/www.eliteplast.com.tr\/en\/product\/interlocking-plastic-palette-60x80cm\/","title":{"rendered":"\u0130hracat Paleti &#8211; \u0130\u00e7 \u0130\u00e7e Ge\u00e7ebilen Plastik Palet 60\u00d780cm"},"content":{"rendered":"<h2><span class=\"ez-toc-section\" id=\"Ihracat_Paleti_%E2%80%93_Ic_Ice_Gecebilen_Plastik_Palet_60%C3%9780cm\"><\/span><b>\u0130hracat Paleti &#8211; \u0130\u00e7 \u0130\u00e7e Ge\u00e7ebilen Plastik Palet 60\u00d780cm<\/b><span class=\"ez-toc-section-end\"><\/span><\/h2>\n<p>\u0130\u00e7 i\u00e7e ge\u00e7ebilen <b>ihracat paleti<\/b> \u00e7\u00f6z\u00fcmlerimiz, hafiflik ve yer tasarrufu a\u00e7\u0131s\u0131ndan \u00fcst\u00fcn kullan\u0131m kolayl\u0131\u011f\u0131 sunar. Bu paletler, %75&#8217;e varan yer tasarrufu ile lojistik s\u00fcre\u00e7lerinizi optimize eder. Konik palet ayaklar\u0131 sayesinde g\u00fcvenli \u015fekilde istiflenebilir, nakliye ve depolama maliyetlerinizi azalt\u0131r. <strong>\u0130hracat paleti \u00e7e\u015fitleri<\/strong>, ihtiya\u00e7lar\u0131n\u0131za \u00f6zel tasar\u0131mlar sunarak ihracat i\u015flemleriniz i\u00e7in idealdir.<\/p>\n<h2><span class=\"ez-toc-section\" id=\"Ihracat_Paleti_Olculeri\"><\/span>\u0130hracat Paleti \u00d6l\u00e7\u00fcleri<span class=\"ez-toc-section-end\"><\/span><\/h2>\n<p>\u00dcr\u00fcn yelpazemiz, <b>ihracat paleti \u00f6l\u00e7\u00fcleri<\/b> a\u00e7\u0131s\u0131ndan \u00e7e\u015fitlilik g\u00f6sterir: 600x800mm, 800x1200mm ve 1000x1200mm gibi en \u00e7ok tercih edilen \u00f6l\u00e7\u00fclerde mevcuttur. Hatta; Euro ve Amerikan palet olarak da adland\u0131r\u0131l\u0131r.\u00a0Her bir palet, d\u00fc\u015f\u00fck a\u011f\u0131rl\u0131\u011f\u0131na kar\u015f\u0131n y\u00fcksek ta\u015f\u0131ma kapasitesine sahiptir, i\u015flenmemi\u015f PP ve birinci kalite geri d\u00f6n\u00fc\u015ft\u00fcr\u00fclm\u00fc\u015f PP hammaddesi kullan\u0131larak \u00fcretilir.<\/p>\n<h2><span class=\"ez-toc-section\" id=\"Ihracat_Paleti_Ozellikleri_Nelerdir\"><\/span>\u0130hracat Paleti \u00d6zellikleri Nelerdir?<span class=\"ez-toc-section-end\"><\/span><\/h2>\n<p>\u0130hracat paletleri sa\u011flam ve dayan\u0131kl\u0131 tasar\u0131ma sahiptir. Bununla birlikte dola\u015f\u0131m say\u0131s\u0131n\u0131 artt\u0131r\u0131r. Bu sayede dayan\u0131m\u0131ndan dolay\u0131 maliyeti azalt\u0131r. Kolay temizlenebilir, b\u00f6ceklenme ve ya \u00e7\u00fcr\u00fcme gibi deformasyonlara u\u011framaz, fakat tahta paletlerde bu risk bulunmaktad\u0131r. \u00dcst\u00fc Kapal\u0131 ve \u00dcst\u00fc A\u00e7\u0131k olarak kullan\u0131c\u0131n\u0131n iste\u011fine g\u00f6re de\u011fi\u015fim g\u00f6stermektedir. M\u00fc\u015fterilerimizin kullanma alanlar\u0131 i\u00e7in kayd\u0131rmaz lastik, g\u00fcvenlik t\u0131rnaklar\u0131 bununla birlikte stre\u00e7 film tutacaklar\u0131 bulunmaktad\u0131r. Firmalara \u00f6zel logo bask\u0131s\u0131 hatta renklendirme se\u00e7enekleri de mevcuttur ancak stokta bulunmayan \u00fcr\u00fcnlerimiz i\u00e7in minimum \u00fcretim adeti istenmektedir.<\/p>\n<h2><span class=\"ez-toc-section\" id=\"Ihracat_Paleti_Cesitleri\"><\/span>\u0130hracat Paleti \u00c7e\u015fitleri<span class=\"ez-toc-section-end\"><\/span><\/h2>\n<p><b>\u0130hracat paletlerini <\/b>d\u00f6rt farkl\u0131 \u00e7e\u015fit olarak hizmetinize sunuyoruz: k\u0131zaks\u0131z delikli, k\u0131saks\u0131z kapal\u0131, k\u0131zakl\u0131 delikli ve k\u0131zakl\u0131 deliksiz ihracat paletleri. K\u0131zaks\u0131z<b> delikli ihracat paleti<\/b> and <b>k\u0131zaks\u0131z kapal\u0131 ihracat paleti<\/b> se\u00e7eneklerimiz, hafif ve dayan\u0131kl\u0131 yap\u0131lar\u0131 ile dikkat \u00e7eker. Bu paletler, hava dola\u015f\u0131m\u0131n\u0131 sa\u011flayan delikli tasar\u0131mlar veya tamamen kapal\u0131 y\u00fczeyler ile sunulur, b\u00f6ylece \u00fcr\u00fcnlerinizin ta\u015f\u0131nmas\u0131 s\u0131ras\u0131nda ekstra koruma sa\u011flar.<\/p>\n<p><b>K\u0131zakl\u0131 delikli ihracat paleti<\/b> and <b>k\u0131zakl\u0131 kapal\u0131 ihracat paleti<\/b>, art\u0131r\u0131lm\u0131\u015f mukavemet ve istiflenebilirlik \u00f6zellikleri sunar. K\u0131zakl\u0131 yap\u0131lar, \u00f6zellikle a\u011f\u0131r y\u00fckler i\u00e7in ekstra destek ve stabilite sa\u011flayarak, zorlu ihracat ko\u015fullar\u0131nda bile g\u00fcvenilir bir performans sunar.<\/p>\n<p>Tekirda\u011f &#8211; Muratl\u0131&#8217;daki kendi \u00fcretim tesislerimizde, \u00f6zel istek ve taleplerinizi kar\u015f\u0131layabilecek \u015fekilde <b>ihracat paleti<\/b> \u00e7\u00f6z\u00fcmleri geli\u015ftiriyoruz. Elite Plast olarak, kalite ve g\u00fcvenlik politikam\u0131zdan \u00f6d\u00fcn vermeden, siz de\u011ferli m\u00fc\u015fterilerimizin ihtiya\u00e7lar\u0131na y\u00f6nelik \u00f6zel tasar\u0131mlar sunuyoruz. Avrupa&#8217;ya ihracat yapan firmalar i\u00e7in, Meridian Group D.O.O ile i\u015f birli\u011fi yaparak geni\u015fletti\u011fimiz da\u011f\u0131t\u0131m a\u011f\u0131m\u0131zla, \u00fcr\u00fcnlerimize kolayl\u0131kla eri\u015fim sa\u011fl\u0131yoruz.<\/p>\n<p>\u0130hracat i\u015flemleriniz i\u00e7in ihtiya\u00e7 duydu\u011funuz <b>ihracat paleti <\/b>\u00e7\u00f6z\u00fcmleri hakk\u0131nda daha fazla bilgi i\u00e7in bizimle ileti\u015fime ge\u00e7in. Elite Plast, kaliteli ve g\u00fcvenilir palet \u00e7\u00f6z\u00fcmleriyle yan\u0131n\u0131zda.<\/p>\n<p>Di\u011fer plastik palet \u00e7e\u015fitlerini incelemek i\u00e7in\u00a0<a href=\"https:\/\/www.eliteplast.com.tr\/en\/plastic-palette\/\">t\u0131klay\u0131n<\/a>.<\/p>","protected":false},"excerpt":{"rendered":"<p>600 x 800 x 130 mm boyutlar\u0131nda, <strong>k\u0131zaks\u0131z ve kapal\u0131<\/strong> ihracat paleti &#8211; i\u00e7 i\u00e7e ge\u00e7ebilen plastik palet ile ihracatta sorunsuz bir lojistik m\u00fcmk\u00fcn. K\u0131zaks\u0131z kapal\u0131 ihracat paleti modelimiz g\u00fcvenli bir depolama ve nakliye \u00e7\u00f6z\u00fcm\u00fc sunar.<\/p>","protected":false},"featured_media":7471,"comment_status":"open","ping_status":"closed","template":"","meta":{"om_disable_all_campaigns":false,"_monsterinsights_skip_tracking":false,"_monsterinsights_sitenote_active":false,"_monsterinsights_sitenote_note":"","_monsterinsights_sitenote_category":0,"_uf_show_specific_survey":0,"_uf_disable_surveys":false},"product_brand":[],"product_cat":[101,24,23],"product_tag":[77,76,32,33,103,30,57,95,27,28,44,37],"class_list":{"0":"post-7468","1":"product","2":"type-product","3":"status-publish","4":"has-post-thumbnail","6":"product_cat-ic-ice-gecebilen-kapali","7":"product_cat-ic-ice-gecebilen-palet-ve-ihracat-paleti","8":"product_cat-plastik-palet","9":"product_tag-1000x1200mm","10":"product_tag-100x120cm","11":"product_tag-euro-palet","12":"product_tag-genel-amacli-plastik-palet","13":"product_tag-ic-ice-gecebilen","14":"product_tag-ihracat","15":"product_tag-ihracat-palet","16":"product_tag-kapali","17":"product_tag-plastik","18":"product_tag-plastik-palet","19":"product_tag-tahta-palet","20":"product_tag-ustu-kapali-palet","22":"entry","23":"has-media","25":"first","26":"instock","27":"shipping-taxable","28":"purchasable","29":"product-type-variable","30":"has-default-attributes","31":"has-product-nav","32":"col","33":"span_1_of_3","34":"owp-content-center","35":"owp-thumbs-layout-horizontal","36":"owp-btn-normal","37":"owp-tabs-layout-horizontal","38":"has-no-thumbnails"},"jetpack_sharing_enabled":true,"_links":{"self":[{"href":"https:\/\/www.eliteplast.com.tr\/en\/wp-json\/wp\/v2\/product\/7468","targetHints":{"allow":["GET"]}}],"collection":[{"href":"https:\/\/www.eliteplast.com.tr\/en\/wp-json\/wp\/v2\/product"}],"about":[{"href":"https:\/\/www.eliteplast.com.tr\/en\/wp-json\/wp\/v2\/types\/product"}],"replies":[{"embeddable":true,"href":"https:\/\/www.eliteplast.com.tr\/en\/wp-json\/wp\/v2\/comments?post=7468"}],"wp:featuredmedia":[{"embeddable":true,"href":"https:\/\/www.eliteplast.com.tr\/en\/wp-json\/wp\/v2\/media\/7471"}],"wp:attachment":[{"href":"https:\/\/www.eliteplast.com.tr\/en\/wp-json\/wp\/v2\/media?parent=7468"}],"wp:term":[{"taxonomy":"product_brand","embeddable":true,"href":"https:\/\/www.eliteplast.com.tr\/en\/wp-json\/wp\/v2\/product_brand?post=7468"},{"taxonomy":"product_cat","embeddable":true,"href":"https:\/\/www.eliteplast.com.tr\/en\/wp-json\/wp\/v2\/product_cat?post=7468"},{"taxonomy":"product_tag","embeddable":true,"href":"https:\/\/www.eliteplast.com.tr\/en\/wp-json\/wp\/v2\/product_tag?post=7468"}],"curies":[{"name":"wp","href":"https:\/\/api.w.org\/{rel}","templated":true}]}}