{"id":647,"date":"2019-07-19T19:07:07","date_gmt":"2019-07-19T16:07:07","guid":{"rendered":"http:\/\/www.plastikpaletvekasa.com\/?post_type=product&#038;p=647"},"modified":"2023-10-31T17:38:47","modified_gmt":"2023-10-31T14:38:47","slug":"ic-ice-gecebilen-plastik-palet-80x120cmk","status":"publish","type":"product","link":"https:\/\/www.eliteplast.com.tr\/en\/product\/ic-ice-gecebilen-plastik-palet-80x120cmk\/","title":{"rendered":"\u0130\u00e7 \u0130\u00e7e Ge\u00e7ebilen Plastik Palet 80\u00d7120cmK"},"content":{"rendered":"<h4>\u0130\u00e7 \u0130\u00e7e Ge\u00e7ebilen Plastik Palet 80\u00d7120cmK grubu;<\/h4>\n<p>\u0130\u00e7 \u0130\u00e7e Ge\u00e7ebilen Plastik Palet 80\u00d7120cmK, hafif ve yerden tasarruf etme a\u00e7\u0131s\u0131ndan kullan\u0131m rahatl\u0131\u011f\u0131 sa\u011flamaktad\u0131r. Paletleri i\u00e7 i\u00e7e istifleyerek %75 oran\u0131nda yer kazan\u0131m\u0131 sa\u011flar. Palet ayaklar\u0131n\u0131n konik \u015fekli sayesinde kenetlenerek istiflenebilir, bu sayede hem nakliye hem depolama masraflar\u0131n\u0131 minimuma indirir. \u0130hracat yapan firmalar i\u00e7in idealdir. Tak\u0131l\u0131p \u00e7\u0131kart\u0131labilir k\u0131zaklar\u0131 sayesinde mukavemet artt\u0131r\u0131lab\u0131ilir. Uygun maliyetli ve g\u00fcvenilir bir ta\u015f\u0131y\u0131c\u0131d\u0131r. M\u00fc\u015fteri tercihine g\u00f6re kendi i\u00e7inde bir \u00e7ok \u00f6l\u00e7\u00fc ve model gruplar\u0131na ayr\u0131lmaktad\u0131r. \u0130\u015flenmemi\u015f PP\u00a0 hammadde\u00a0 ve birinci kalite geri d\u00f6n\u00fc\u015f\u00fcm PP hammaddeden \u00fcretilmektedir. Erimi\u015f plasti\u011fin, palet i\u00e7eri\u011fine en \u00fcst d\u00fczeyde da\u011f\u0131l\u0131m g\u00f6stermesinden dolay\u0131 d\u00fc\u015f\u00fck a\u011f\u0131rl\u0131\u011f\u0131na ra\u011fmen y\u00fcksek ta\u015f\u0131ma kapasitesine sahiptir.<\/p>\n<p>\u0130\u00e7 \u0130\u00e7e Ge\u00e7ebilen Plastik Palet 80\u00d7120cmK \u00f6l\u00e7\u00fc se\u00e7enekleri: 80&#215;120, 100&#215;120 olarak en \u00e7ok kullan\u0131lan \u00f6l\u00e7\u00fc grubunda \u00fcretilmektedir. Dola\u015f\u0131m oran\u0131nda da hafif tasar\u0131m\u0131ndan dolay\u0131 kullan\u0131m\u0131 kolayla\u015ft\u0131r\u0131r ve d\u00fc\u015f\u00fck maliyetli bir kullan\u0131m sa\u011flar. Kolay temizlenebilir, b\u00f6ceklenme ve ya \u00e7\u00fcr\u00fcme gibi deformasyonlara u\u011framaz. Geri d\u00f6n\u00fc\u015f\u00fcml\u00fcd\u00fcr. K\u0131zakl\u0131 &amp; K\u0131zaks\u0131z, \u00dcst\u00fc Kapal\u0131 &amp; \u00dcst\u00fc A\u00e7\u0131k olarak kullan\u0131c\u0131n\u0131n iste\u011fine g\u00f6re de\u011fi\u015fim g\u00f6stermektedir. Opsiyonel olarak m\u00fc\u015fterilerimizin kullanma alanlar\u0131 i\u00e7in g\u00fcvenlik t\u0131rnaklar\u0131 ve stre\u00e7 film tutacaklar\u0131 bulunmaktad\u0131r. Firmalara \u00f6zel logo bask\u0131s\u0131 ve renklendirme se\u00e7enekleri de mevcuttur. \u00d6zel renk se\u00e7eneklerinde stokta bulunmayan \u00fcr\u00fcnlerimiz i\u00e7in minimum \u00fcretim adeti istenmektedir.<\/p>\n<p>. <a href=\"https:\/\/www.plastikpaletvekasa.com\/iletisim\/\" target=\"_blank\" rel=\"noopener\">Tekirda\u011f - Muratl\u0131 Organized Industrial Zone<\/a> Molds of products We manufacture in our own molding room located in Tekirda\u011f - Muratl\u0131 Organized Industrial Zone. For this reason, we also develop custom designs without higher costs than necessary. We design all our plastic pallet development and production processes for you in our own molding and production facilities under one roof. We can meet the special requests and demands of our valued customers.<\/p>\n<p>We are proud to export to many countries of the world with our molding house, R&amp;D, logistics and production facilities. With the Meridian Group D.O.O, which we cooperate in the Bosnia and Herzegovina - Saray Bosnia region for exports to the European region, we expand our distribution network and provide easier access to products. <a href=\"https:\/\/www.meridijangroup.com\" target=\"_blank\" rel=\"noopener\">Meridian Group D.O.O<\/a> .<\/p>\n<p>As Elite Plast, we work diligently without compromising our quality and trust policy in order to meet the demands of our valued customers.<\/p>\n<p>&nbsp;Di\u011fer plastik palet \u00e7e\u015fitlerini incelemek i\u00e7in\u00a0<a href=\"https:\/\/www.eliteplast.com.tr\/en\/plastic-palette\/\">t\u0131klay\u0131n<\/a>.<\/p>","protected":false},"excerpt":{"rendered":"<p>800 x 1200 x 150 mm \u0130\u00e7 \u0130\u00e7e Ge\u00e7ebilen Plastik Palet, \u0130hracat Paleti K\u0131zakl\u0131 Kapal\u0131<\/p>","protected":false},"featured_media":651,"comment_status":"open","ping_status":"closed","template":"","meta":{"om_disable_all_campaigns":false,"_monsterinsights_skip_tracking":false,"_monsterinsights_sitenote_active":false,"_monsterinsights_sitenote_note":"","_monsterinsights_sitenote_category":0,"_uf_show_specific_survey":0,"_uf_disable_surveys":false},"product_brand":[],"product_cat":[24,100,23],"product_tag":[60,61,32,33,103,30,57,95,31,27,28,44,37],"class_list":{"0":"post-647","1":"product","2":"type-product","3":"status-publish","4":"has-post-thumbnail","6":"product_cat-ic-ice-gecebilen-palet-ve-ihracat-paleti","7":"product_cat-kizakli-kapali-tip-ic-ice-gecebilen-palet-ve-ihracat-paleti","8":"product_cat-plastik-palet","9":"product_tag-800x1200mm","10":"product_tag-80x120cm","11":"product_tag-euro-palet","12":"product_tag-genel-amacli-plastik-palet","13":"product_tag-ic-ice-gecebilen","14":"product_tag-ihracat","15":"product_tag-ihracat-palet","16":"product_tag-kapali","17":"product_tag-kizakli","18":"product_tag-plastik","19":"product_tag-plastik-palet","20":"product_tag-tahta-palet","21":"product_tag-ustu-kapali-palet","23":"entry","24":"has-media","26":"first","27":"instock","28":"shipping-taxable","29":"purchasable","30":"product-type-variable","31":"has-default-attributes","32":"has-product-nav","33":"col","34":"span_1_of_3","35":"owp-content-center","36":"owp-thumbs-layout-horizontal","37":"owp-btn-normal","38":"owp-tabs-layout-horizontal","39":"has-no-thumbnails"},"jetpack_sharing_enabled":true,"_links":{"self":[{"href":"https:\/\/www.eliteplast.com.tr\/en\/wp-json\/wp\/v2\/product\/647","targetHints":{"allow":["GET"]}}],"collection":[{"href":"https:\/\/www.eliteplast.com.tr\/en\/wp-json\/wp\/v2\/product"}],"about":[{"href":"https:\/\/www.eliteplast.com.tr\/en\/wp-json\/wp\/v2\/types\/product"}],"replies":[{"embeddable":true,"href":"https:\/\/www.eliteplast.com.tr\/en\/wp-json\/wp\/v2\/comments?post=647"}],"wp:featuredmedia":[{"embeddable":true,"href":"https:\/\/www.eliteplast.com.tr\/en\/wp-json\/wp\/v2\/media\/651"}],"wp:attachment":[{"href":"https:\/\/www.eliteplast.com.tr\/en\/wp-json\/wp\/v2\/media?parent=647"}],"wp:term":[{"taxonomy":"product_brand","embeddable":true,"href":"https:\/\/www.eliteplast.com.tr\/en\/wp-json\/wp\/v2\/product_brand?post=647"},{"taxonomy":"product_cat","embeddable":true,"href":"https:\/\/www.eliteplast.com.tr\/en\/wp-json\/wp\/v2\/product_cat?post=647"},{"taxonomy":"product_tag","embeddable":true,"href":"https:\/\/www.eliteplast.com.tr\/en\/wp-json\/wp\/v2\/product_tag?post=647"}],"curies":[{"name":"wp","href":"https:\/\/api.w.org\/{rel}","templated":true}]}}