{"id":446,"date":"2019-07-16T14:50:57","date_gmt":"2019-07-16T11:50:57","guid":{"rendered":"http:\/\/www.plastikpaletvekasa.com\/?post_type=product&#038;p=446"},"modified":"2023-10-31T17:38:25","modified_gmt":"2023-10-31T14:38:25","slug":"genel-amacli-plastik-palet-90x100cm-d","status":"publish","type":"product","link":"https:\/\/www.eliteplast.com.tr\/en\/product\/genel-amacli-plastik-palet-90x100cm-d\/","title":{"rendered":"General Purpose Plastic Pallet 90x100cm D"},"content":{"rendered":"<h4>Genel Ama\u00e7l\u0131 Plastik Palet 90x100cm D grubu;<\/h4>\n<p>Genel Ama\u00e7l\u0131 Plastik Palet 90x100cm D, orta s\u0131n\u0131f b\u00fcy\u00fckl\u00fc\u011f\u00fcndeki y\u00fckler i\u00e7in idealdir. Uygun maliyetli ve g\u00fcvenilir bir ta\u015f\u0131y\u0131c\u0131d\u0131r. M\u00fc\u015fteri tercihine g\u00f6re kendi i\u00e7inde bir \u00e7ok \u00f6l\u00e7\u00fc ve model gruplar\u0131na ayr\u0131lmaktad\u0131r.\u0130\u015flenmemi\u015f PP\u00a0 ham madde\u00a0 ve birinci kalite geri d\u00f6n\u00fc\u015f\u00fcm PP ham maddeden \u00fcretilmektedir. Erimi\u015f plasti\u011fin, palet i\u00e7eri\u011fine en \u00fcst d\u00fczeyde da\u011f\u0131l\u0131m g\u00f6stermesinden dolay\u0131 d\u00fc\u015f\u00fck a\u011f\u0131rl\u0131\u011f\u0131na ra\u011fmen y\u00fcksek ta\u015f\u0131ma kapasitesine sahiptir. Genel Ama\u00e7l\u0131 Plastik Palet grubu, ki\u015fiye \u00f6zel renk se\u00e7enekleriyle \u00fcretilebilmektedir. Kolay temizlenebilir, b\u00f6ceklenme ve ya \u00e7\u00fcr\u00fcme gibi deformasyonlara u\u011framaz. K\u0131zakl\u0131 &amp; K\u0131zaks\u0131z, \u00dcst\u00fc Kapal\u0131 &amp; \u00dcst\u00fc A\u00e7\u0131k olarak kullan\u0131c\u0131n\u0131n iste\u011fine g\u00f6re de\u011fi\u015fim g\u00f6stermektedir. Opsiyonel olarak m\u00fc\u015fterilerimizin kullanma alanlar\u0131 i\u00e7in g\u00fcvenlik t\u0131rnaklar\u0131 ve stre\u00e7 film tutacaklar\u0131 bulunmaktad\u0131r. Firmalara \u00f6zel logo bask\u0131s\u0131 ve renklendirme se\u00e7enekleri de mevcuttur. \u00d6zel renk se\u00e7eneklerinde stokta bulunmayan \u00fcr\u00fcnlerimiz i\u00e7in minimum \u00fcretim adeti istenmektedir.<\/p>\n<p>General Purpose Plastic Pallet size options: 80 \u00d7 100, 80 \u00d7 110, 80 \u00d7 120, 80 \u00d7 130. 90 \u00d7 100, 90 \u00d7 110, 90 \u00d7 120, 90 \u00d7 130. 100 \u00d7 100, 100 \u00d7 110, 100 \u00d7 120, 100 \u00d7 130, 110 \u00d7 110, 110 \u00d7 120, 110 \u00d7 130. As the general purpose plastic pallet group, it has the most variety of dimensions. Different sizes are preferred because of many reasons such as usage areas, stacking, product volume produced and packaging. Thanks to this size range, we offer the lowest cost and useful solutions for the use of our valued customers.<\/p>\n<p>. <a href=\"https:\/\/www.plastikpaletvekasa.com\/iletisim\/\" target=\"_blank\" rel=\"noopener\">Tekirda\u011f - Muratl\u0131 Organized Industrial Zone<\/a> Molds of products We manufacture in our own molding room located in Tekirda\u011f - Muratl\u0131 Organized Industrial Zone. For this reason, we also develop custom designs without higher costs than necessary. We design all our plastic pallet development and production processes for you in our own molding and production facilities under one roof. We can meet the special requests and demands of our valued customers.<\/p>\n<p>We are proud to export to many countries of the world with our molding house, R&amp;D, logistics and production facilities. With the Meridian Group D.O.O, which we cooperate in the Bosnia and Herzegovina - Saray Bosnia region for exports to the European region, we expand our distribution network and provide easier access to products. <a href=\"https:\/\/www.meridijangroup.com\" target=\"_blank\" rel=\"noopener\">Meridian Group D.O.O<\/a> .<\/p>\n<p>As Elite Plast, we work diligently without compromising our quality and trust policy in order to meet the demands of our valued customers.<\/p>\n<p>&nbsp;Di\u011fer plastik palet \u00e7e\u015fitlerini incelemek i\u00e7in\u00a0<a href=\"https:\/\/www.eliteplast.com.tr\/en\/plastic-palette\/\">t\u0131klay\u0131n<\/a>.<\/p>","protected":false},"excerpt":{"rendered":"<p>900 x 1000 x 140 mm Genel Ama\u00e7l\u0131 Plastik Palet K\u0131zaks\u0131z Delikli<\/p>","protected":false},"featured_media":450,"comment_status":"open","ping_status":"closed","template":"","meta":{"om_disable_all_campaigns":false,"_monsterinsights_skip_tracking":false,"_monsterinsights_sitenote_active":false,"_monsterinsights_sitenote_note":"","_monsterinsights_sitenote_category":0,"_uf_show_specific_survey":0,"_uf_disable_surveys":false},"product_brand":[],"product_cat":[21,88,23],"product_tag":[65,64,92,32,33,30,57,93,27,28,44],"class_list":{"0":"post-446","1":"product","2":"type-product","3":"status-publish","4":"has-post-thumbnail","6":"product_cat-genel-amacli-plastik-palet","7":"product_cat-kizaksiz-delikli-tip","8":"product_cat-plastik-palet","9":"product_tag-900x1000mm","10":"product_tag-90x100cm","11":"product_tag-delikli","12":"product_tag-euro-palet","13":"product_tag-genel-amacli-plastik-palet","14":"product_tag-ihracat","15":"product_tag-ihracat-palet","16":"product_tag-kizaksiz","17":"product_tag-plastik","18":"product_tag-plastik-palet","19":"product_tag-tahta-palet","21":"entry","22":"has-media","24":"first","25":"instock","26":"shipping-taxable","27":"purchasable","28":"product-type-variable","29":"has-default-attributes","30":"has-product-nav","31":"col","32":"span_1_of_3","33":"owp-content-center","34":"owp-thumbs-layout-horizontal","35":"owp-btn-normal","36":"owp-tabs-layout-horizontal","37":"has-no-thumbnails"},"jetpack_sharing_enabled":true,"_links":{"self":[{"href":"https:\/\/www.eliteplast.com.tr\/en\/wp-json\/wp\/v2\/product\/446","targetHints":{"allow":["GET"]}}],"collection":[{"href":"https:\/\/www.eliteplast.com.tr\/en\/wp-json\/wp\/v2\/product"}],"about":[{"href":"https:\/\/www.eliteplast.com.tr\/en\/wp-json\/wp\/v2\/types\/product"}],"replies":[{"embeddable":true,"href":"https:\/\/www.eliteplast.com.tr\/en\/wp-json\/wp\/v2\/comments?post=446"}],"wp:featuredmedia":[{"embeddable":true,"href":"https:\/\/www.eliteplast.com.tr\/en\/wp-json\/wp\/v2\/media\/450"}],"wp:attachment":[{"href":"https:\/\/www.eliteplast.com.tr\/en\/wp-json\/wp\/v2\/media?parent=446"}],"wp:term":[{"taxonomy":"product_brand","embeddable":true,"href":"https:\/\/www.eliteplast.com.tr\/en\/wp-json\/wp\/v2\/product_brand?post=446"},{"taxonomy":"product_cat","embeddable":true,"href":"https:\/\/www.eliteplast.com.tr\/en\/wp-json\/wp\/v2\/product_cat?post=446"},{"taxonomy":"product_tag","embeddable":true,"href":"https:\/\/www.eliteplast.com.tr\/en\/wp-json\/wp\/v2\/product_tag?post=446"}],"curies":[{"name":"wp","href":"https:\/\/api.w.org\/{rel}","templated":true}]}}