{"id":1232,"date":"2019-07-24T17:24:22","date_gmt":"2019-07-24T14:24:22","guid":{"rendered":"http:\/\/www.plastikpaletvekasa.com\/?post_type=product&#038;p=1232"},"modified":"2023-11-01T16:56:39","modified_gmt":"2023-11-01T13:56:39","slug":"plastik-kasa-300x400x230mm-onu-acik","status":"publish","type":"product","link":"https:\/\/www.eliteplast.com.tr\/en\/product\/plastik-kasa-300x400x230mm-onu-acik\/","title":{"rendered":"Plastic Crate 300x400x230mm Closed-Open Front"},"content":{"rendered":"<h3>Plastik Kasa 300x400x230mm \u00d6n\u00fc A\u00e7\u0131k;<\/h3>\n<p>Plastik Kasa 300x400x230mm \u00d6n\u00fc A\u00e7\u0131k kullan\u0131m alan olarak bir \u00e7ok faaliyette i\u015fleyi\u015fi kolayla\u015ft\u0131rmak i\u00e7in kullan\u0131lmaktad\u0131r. Her t\u00fcrl\u00fc end\u00fcstri alan\u0131nda ta\u015f\u0131mac\u0131l\u0131k, istifleme, ayr\u0131\u015ft\u0131rma, nakliye ve lojistik \u00a0konular\u0131n\u0131 en uygun hale getirmek i\u00e7in iyi bir yard\u0131mc\u0131d\u0131r. Plastik Kasalar Dola\u015f\u0131m oran\u0131nda da hafif tasar\u0131m\u0131ndan dolay\u0131 kullan\u0131m\u0131 kolayla\u015ft\u0131r\u0131r. Plastik Kasalar opsiyonel olarakta hava ve s\u0131v\u0131 ge\u00e7iren tasar\u0131m\u0131yla kullan\u0131lan \u00fcr\u00fcn\u00fcn muhafazas\u0131na uygunlu\u011fu a\u00e7\u0131s\u0131ndan yard\u0131mc\u0131d\u0131r. Plastik Kasa hijyenik ve g\u0131da depolama ve ta\u015f\u0131ma i\u00e7in uygundur.Yo\u011fun kullan\u0131ma kar\u015f\u0131 da belirgin bir darbe dayan\u0131m\u0131 ve diren\u00e7 sa\u011flayan sert bir malzemeden yap\u0131lm\u0131\u015ft\u0131r.Plastik kasalar\u0131n Kapal\u0131 alt taban k\u0131sm\u0131 ve havaland\u0131rmal\u0131 duvarlar\u0131 sayesinde hassas ve hava almas\u0131 gereken \u00a0meyve ve sebzelerin lojisti\u011fi i\u00e7in idealdir.<\/p>\n<p>Hava ak\u0131\u015f\u0131n\u0131 sa\u011flayan delikli yan y\u00fczeyleri, \u00fcr\u00fcnleri taze tutarak m\u00fckemmel bir hava ak\u0131\u015f\u0131n\u0131n sa\u011flanmas\u0131 i\u00e7in en iyi \u00e7\u00f6z\u00fcm\u00fc sunar. Plastik Kasa 300x400x230mm \u00d6n\u00fc A\u00e7\u0131k i\u015flenmemi\u015f PP\u00a0 hammadde, birinci kalite geri d\u00f6n\u00fc\u015f\u00fcm PP hammaddeden ve y\u00fcksek yo\u011funluklu polietilen (HDPE) hammaddeden \u00fcretilmektedir. Kolay temizlenebilir, b\u00f6ceklenme ve ya \u00e7\u00fcr\u00fcme gibi deformasyonlara u\u011framaz. Geri d\u00f6n\u00fc\u015f\u00fcml\u00fcd\u00fcr. Opsiyonel olarak m\u00fc\u015fterilerimizin kullanma alanlar\u0131 i\u00e7in tutma yerleri a\u00e7\u0131k ve ya kapal\u0131 olarak de\u011fi\u015ftirilebilir. Firmalara \u00f6zel logo bask\u0131s\u0131 ve renklendirme se\u00e7enekleri de mevcuttur. \u00d6zel renk se\u00e7eneklerinde stokta bulunmayan \u00fcr\u00fcnlerimiz i\u00e7in minimum \u00fcretim adeti istenmektedir.<\/p>\n<p>. <a href=\"https:\/\/www.eliteplast.com.tr\/en\/contact-us\/\">Tekirda\u011f \u2013 Muratl\u0131 Organize Sanayi B\u00f6lgesinde<\/a> bulunan kendi b\u00fcnyemizdeki kal\u0131phanemizde \u00fcretmekteyiz. Bu nedenle gerekenden daha y\u00fcksek maliyetler olmadan \u00f6zel tasar\u0131mlar da geli\u015ftiriyoruz. T\u00fcm <a href=\"http:\/\/www.plastikpaletvekasa.com\" target=\"_blank\" rel=\"noopener\">plastik kasa ve plastik palet<\/a> geli\u015ftirme ve \u00fcretim s\u00fcre\u00e7lerimizi tek \u00e7at\u0131 alt\u0131nda kendi kal\u0131phane ve \u00fcretim tesislerimizde sizler i\u00e7in tasarl\u0131yoruz. Siz de\u011ferli m\u00fc\u015fterilerimizin \u00f6zel istek ve taleplerini kar\u015f\u0131layabiliyoruz.<\/p>\n<p>Kendi b\u00fcnyemizdeki kal\u0131phane, Ar-Ge, lojistik ve \u00fcretim tesislerimizle d\u00fcnyan\u0131n bir \u00e7ok \u00fclkesine ihracat yapmaktan gurur duyuyoruz! Avrupa b\u00f6lgesine ihracatlarda Bosna Hersek \u2013 Saray Bosna b\u00f6lgesinde i\u015f birli\u011fi i\u00e7inde \u00e7al\u0131\u015ft\u0131\u011f\u0131m\u0131z <a href=\"https:\/\/www.meridijangroup.com\" target=\"_blank\" rel=\"noopener\">Meridian Group D.O.O<\/a> ile birlikte da\u011f\u0131t\u0131m a\u011f\u0131m\u0131z\u0131 geni\u015fleterek \u00fcr\u00fcnlere daha kolay ula\u015f\u0131m\u0131 sa\u011fl\u0131yoruz. Elite Plast olarak, siz de\u011ferli m\u00fc\u015fterilerimizin taleplerine kar\u015f\u0131l\u0131k verebilmek i\u00e7in, kalite ve g\u00fcven politikam\u0131zdan \u00f6d\u00fcn vermeden gayret ile \u00e7al\u0131\u015f\u0131yoruz.  Di\u011fer plastik kasa \u00e7e\u015fitlerini incelemek i\u00e7in <a href=\"https:\/\/www.eliteplast.com.tr\/en\/plastic-crate\/\">t\u0131klay\u0131n<\/a>.<\/p>","protected":false},"excerpt":{"rendered":"<p>300 x 400 x 230 mm Plastik Kasa \u00d6n\u00fc A\u00e7\u0131k Tip &#8211; 3423 AK<\/p>","protected":false},"featured_media":1236,"comment_status":"open","ping_status":"closed","template":"","meta":{"om_disable_all_campaigns":false,"_monsterinsights_skip_tracking":false,"_monsterinsights_sitenote_active":false,"_monsterinsights_sitenote_note":"","_monsterinsights_sitenote_category":0,"_uf_show_specific_survey":0,"_uf_disable_surveys":false},"product_brand":[],"product_cat":[127,124],"product_tag":[145,144,142,143,112,137,95,135,29,27,134,140,136,141],"class_list":{"0":"post-1232","1":"product","2":"type-product","3":"status-publish","4":"has-post-thumbnail","6":"product_cat-30x40-cm-serisi","7":"product_cat-plastik-kasa","8":"product_tag-300x400mm","9":"product_tag-30x40cm","10":"product_tag-ekmek-kasasi","11":"product_tag-genel-amacli-plastik-kasa","12":"product_tag-hijyenik","13":"product_tag-istiflenebilir","14":"product_tag-kapali","15":"product_tag-kasa","16":"product_tag-palet","17":"product_tag-plastik","18":"product_tag-plastik-kasa","19":"product_tag-pp","20":"product_tag-sanayi-kasasi","21":"product_tag-virgin","23":"entry","24":"has-media","26":"first","27":"instock","28":"shipping-taxable","29":"purchasable","30":"product-type-variable","31":"has-product-nav","32":"col","33":"span_1_of_3","34":"owp-content-center","35":"owp-thumbs-layout-horizontal","36":"owp-btn-normal","37":"owp-tabs-layout-horizontal"},"jetpack_sharing_enabled":true,"_links":{"self":[{"href":"https:\/\/www.eliteplast.com.tr\/en\/wp-json\/wp\/v2\/product\/1232","targetHints":{"allow":["GET"]}}],"collection":[{"href":"https:\/\/www.eliteplast.com.tr\/en\/wp-json\/wp\/v2\/product"}],"about":[{"href":"https:\/\/www.eliteplast.com.tr\/en\/wp-json\/wp\/v2\/types\/product"}],"replies":[{"embeddable":true,"href":"https:\/\/www.eliteplast.com.tr\/en\/wp-json\/wp\/v2\/comments?post=1232"}],"wp:featuredmedia":[{"embeddable":true,"href":"https:\/\/www.eliteplast.com.tr\/en\/wp-json\/wp\/v2\/media\/1236"}],"wp:attachment":[{"href":"https:\/\/www.eliteplast.com.tr\/en\/wp-json\/wp\/v2\/media?parent=1232"}],"wp:term":[{"taxonomy":"product_brand","embeddable":true,"href":"https:\/\/www.eliteplast.com.tr\/en\/wp-json\/wp\/v2\/product_brand?post=1232"},{"taxonomy":"product_cat","embeddable":true,"href":"https:\/\/www.eliteplast.com.tr\/en\/wp-json\/wp\/v2\/product_cat?post=1232"},{"taxonomy":"product_tag","embeddable":true,"href":"https:\/\/www.eliteplast.com.tr\/en\/wp-json\/wp\/v2\/product_tag?post=1232"}],"curies":[{"name":"wp","href":"https:\/\/api.w.org\/{rel}","templated":true}]}}