{"id":9,"date":"2023-07-10T18:37:23","date_gmt":"2023-07-10T15:37:23","guid":{"rendered":"http:\/\/www.plastikpaletvekasa.com\/?page_id=9"},"modified":"2023-08-27T20:34:50","modified_gmt":"2023-08-27T17:34:50","slug":"hakkimizda","status":"publish","type":"page","link":"https:\/\/www.eliteplast.com.tr\/en\/about-us\/","title":{"rendered":"About Us"},"content":{"rendered":"<div data-elementor-type=\"wp-post\" data-elementor-id=\"9\" class=\"elementor elementor-9\" data-elementor-post-type=\"page\">\n\t\t\t\t\t\t<section class=\"elementor-section elementor-top-section elementor-element elementor-element-b73a24a elementor-section-boxed elementor-section-height-default elementor-section-height-default\" data-id=\"b73a24a\" data-element_type=\"section\" data-e-type=\"section\">\n\t\t\t\t\t\t<div class=\"elementor-container elementor-column-gap-default\">\n\t\t\t\t\t<div class=\"elementor-column elementor-col-100 elementor-top-column elementor-element elementor-element-00a34aa\" data-id=\"00a34aa\" data-element_type=\"column\" data-e-type=\"column\">\n\t\t\t<div class=\"elementor-widget-wrap elementor-element-populated\">\n\t\t\t\t\t\t<div class=\"elementor-element elementor-element-b45e780 elementor-widget elementor-widget-image\" data-id=\"b45e780\" data-element_type=\"widget\" data-e-type=\"widget\" data-widget_type=\"image.default\">\n\t\t\t\t<div class=\"elementor-widget-container\">\n\t\t\t\t\t\t\t\t\t\t\t\t\t\t\t<img fetchpriority=\"high\" decoding=\"async\" width=\"1024\" height=\"363\" src=\"https:\/\/www.eliteplast.com.tr\/wp-content\/uploads\/2019\/07\/fabr\u0131ka-on-komple-hakk\u0131m\u0131zda-2019-1024x363.jpg\" class=\"attachment-large size-large wp-image-144\" alt=\"\" srcset=\"https:\/\/www.eliteplast.com.tr\/wp-content\/uploads\/2019\/07\/fabr\u0131ka-on-komple-hakk\u0131m\u0131zda-2019-1024x363.jpg 1024w, https:\/\/www.eliteplast.com.tr\/wp-content\/uploads\/2019\/07\/fabr\u0131ka-on-komple-hakk\u0131m\u0131zda-2019-600x213.jpg 600w, https:\/\/www.eliteplast.com.tr\/wp-content\/uploads\/2019\/07\/fabr\u0131ka-on-komple-hakk\u0131m\u0131zda-2019-300x106.jpg 300w, https:\/\/www.eliteplast.com.tr\/wp-content\/uploads\/2019\/07\/fabr\u0131ka-on-komple-hakk\u0131m\u0131zda-2019-768x272.jpg 768w, https:\/\/www.eliteplast.com.tr\/wp-content\/uploads\/2019\/07\/fabr\u0131ka-on-komple-hakk\u0131m\u0131zda-2019.jpg 1228w\" sizes=\"(max-width: 1024px) 100vw, 1024px\" title=\"\">\t\t\t\t\t\t\t\t\t\t\t\t\t\t\t<\/div>\n\t\t\t\t<\/div>\n\t\t\t\t\t<\/div>\n\t\t<\/div>\n\t\t\t\t\t<\/div>\n\t\t<\/section>\n\t\t\t\t<section class=\"elementor-section elementor-top-section elementor-element elementor-element-29526ed elementor-section-boxed elementor-section-height-default elementor-section-height-default\" data-id=\"29526ed\" data-element_type=\"section\" data-e-type=\"section\">\n\t\t\t\t\t\t<div class=\"elementor-container elementor-column-gap-default\">\n\t\t\t\t\t<div class=\"elementor-column elementor-col-100 elementor-top-column elementor-element elementor-element-86edf31\" data-id=\"86edf31\" data-element_type=\"column\" data-e-type=\"column\">\n\t\t\t<div class=\"elementor-widget-wrap elementor-element-populated\">\n\t\t\t\t\t\t<div class=\"elementor-element elementor-element-851a9e5 elementor-widget elementor-widget-heading\" data-id=\"851a9e5\" data-element_type=\"widget\" data-e-type=\"widget\" data-widget_type=\"heading.default\">\n\t\t\t\t<div class=\"elementor-widget-container\">\n\t\t\t\t\t<h2 class=\"elementor-heading-title elementor-size-xl\"><span class=\"ez-toc-section\" id=\"Hakkimizda\"><\/span>About Us<span class=\"ez-toc-section-end\"><\/span><\/h2>\t\t\t\t<\/div>\n\t\t\t\t<\/div>\n\t\t\t\t\t<\/div>\n\t\t<\/div>\n\t\t\t\t\t<\/div>\n\t\t<\/section>\n\t\t\t\t<section class=\"elementor-section elementor-top-section elementor-element elementor-element-feba934 elementor-section-boxed elementor-section-height-default elementor-section-height-default\" data-id=\"feba934\" data-element_type=\"section\" data-e-type=\"section\">\n\t\t\t\t\t\t<div class=\"elementor-container elementor-column-gap-default\">\n\t\t\t\t\t<div class=\"elementor-column elementor-col-100 elementor-top-column elementor-element elementor-element-dc28ace\" data-id=\"dc28ace\" data-element_type=\"column\" data-e-type=\"column\">\n\t\t\t<div class=\"elementor-widget-wrap elementor-element-populated\">\n\t\t\t\t\t\t<div class=\"elementor-element elementor-element-cb894dd elementor-widget elementor-widget-text-editor\" data-id=\"cb894dd\" data-element_type=\"widget\" data-e-type=\"widget\" data-widget_type=\"text-editor.default\">\n\t\t\t\t<div class=\"elementor-widget-container\">\n\t\t\t\t\t\t\t\t\t<p>Founded as a family company in 1978, Elite Automotive was starting business of on retail, \nwholesale automotive spare parts, has started to provide services to the automotive industry. \nFollowing years, Elite Automotive has developed itself and Elite Cooling was established for the\n production of fan blades in 2000, becoming the group company to operate under the name Elite Group. \nIn subsequent years, Elite Cooling has become one of the leading fan blade manufacturers for the \ndifferent sectors of industries.\n\nElite Plast is founded in 2014 with capital of their own to Elite Group, has joined of group companies. \nElite Plast was starting with the production of plastic pallets for our customers operating in different \nsectors for serving according to their demands with the most appropriate solution. Our particular\nhygienic pallets comply with nutrient &amp; pharmaceutical production conditions are preferred by all\nof the nutrient and pharmaceutical industry companies. In addition to hygienic pallets, our production\nof nestable &amp; rackable plastic pallets for use in export and heavy industry are designed for most \nappropriate solution.\n\nElite Group\u2019s production is currently available in over 800 varieties of products, exports to 32\ndifferent countries. Today is manufacturing in based on 15000m\u00b2 area with high-tech machinery and\ncontrol equipment<\/p>\t\t\t\t\t\t\t\t<\/div>\n\t\t\t\t<\/div>\n\t\t\t\t\t<\/div>\n\t\t<\/div>\n\t\t\t\t\t<\/div>\n\t\t<\/section>\n\t\t\t\t<section class=\"elementor-section elementor-top-section elementor-element elementor-element-c1f990b elementor-section-boxed elementor-section-height-default elementor-section-height-default\" data-id=\"c1f990b\" data-element_type=\"section\" data-e-type=\"section\">\n\t\t\t\t\t\t<div class=\"elementor-container elementor-column-gap-default\">\n\t\t\t\t\t<div class=\"elementor-column elementor-col-50 elementor-top-column elementor-element elementor-element-57e02ac\" data-id=\"57e02ac\" data-element_type=\"column\" data-e-type=\"column\">\n\t\t\t<div class=\"elementor-widget-wrap elementor-element-populated\">\n\t\t\t\t\t\t<div class=\"elementor-element elementor-element-55fcb75 elementor-widget elementor-widget-text-editor\" data-id=\"55fcb75\" data-element_type=\"widget\" data-e-type=\"widget\" data-widget_type=\"text-editor.default\">\n\t\t\t\t<div class=\"elementor-widget-container\">\n\t\t\t\t\t\t\t\t\t<h2><span class=\"ez-toc-section\" id=\"Vizyonumuz\"><\/span>Our Vision;<span class=\"ez-toc-section-end\"><\/span><\/h2><p>To be a leader-oriented company by constantly improving our products based on quality, efficiency and sustainability.<\/p><h2><span class=\"ez-toc-section\" id=\"Misyonumuz\"><\/span>Our Mission;<span class=\"ez-toc-section-end\"><\/span><\/h2><p>To be the leader and solution center of the supply chain by producing products that fully meet the needs and expectations of our customers operating in different fields of the industry with the principle of protecting our natural resources.<\/p><h2><span class=\"ez-toc-section\" id=\"Degerlerimiz\"><\/span>Our Values;<span class=\"ez-toc-section-end\"><\/span><\/h2><h3><span class=\"ez-toc-section\" id=\"Calisanlarimiz\"><\/span>Our Employees:<span class=\"ez-toc-section-end\"><\/span><\/h3><p>Our core value is our employees and employee qualifications. It is our primary duty to increase our talents and happiness by enabling our employees to improve.<\/p><h3><span class=\"ez-toc-section\" id=\"Urun_ve_hizmetlerimiz\"><\/span>Our products and services:<span class=\"ez-toc-section-end\"><\/span><\/h3><p>It is the first condition of our existence that our products, which we continuously develop based on quality principles, are appreciated by our valued customers.<\/p>\t\t\t\t\t\t\t\t<\/div>\n\t\t\t\t<\/div>\n\t\t\t\t\t<\/div>\n\t\t<\/div>\n\t\t\t\t<div class=\"elementor-column elementor-col-50 elementor-top-column elementor-element elementor-element-ca9655e\" data-id=\"ca9655e\" data-element_type=\"column\" data-e-type=\"column\">\n\t\t\t<div class=\"elementor-widget-wrap elementor-element-populated\">\n\t\t\t\t\t\t<div class=\"elementor-element elementor-element-7077d98 elementor-widget elementor-widget-image\" data-id=\"7077d98\" data-element_type=\"widget\" data-e-type=\"widget\" data-widget_type=\"image.default\">\n\t\t\t\t<div class=\"elementor-widget-container\">\n\t\t\t\t\t\t\t\t\t\t\t\t\t\t\t<img decoding=\"async\" width=\"600\" height=\"600\" data-src=\"https:\/\/www.eliteplast.com.tr\/wp-content\/uploads\/2019\/07\/fabrika-ust-gorunum-2019.jpg\" class=\"attachment-medium_large size-medium_large wp-image-146 lazyload\" alt=\"\" data-srcset=\"https:\/\/www.eliteplast.com.tr\/wp-content\/uploads\/2019\/07\/fabrika-ust-gorunum-2019.jpg 600w, https:\/\/www.eliteplast.com.tr\/wp-content\/uploads\/2019\/07\/fabrika-ust-gorunum-2019-300x300.jpg 300w, https:\/\/www.eliteplast.com.tr\/wp-content\/uploads\/2019\/07\/fabrika-ust-gorunum-2019-100x100.jpg 100w, https:\/\/www.eliteplast.com.tr\/wp-content\/uploads\/2019\/07\/fabrika-ust-gorunum-2019-150x150.jpg 150w\" data-sizes=\"(max-width: 600px) 100vw, 600px\" title=\"\" src=\"data:image\/svg+xml;base64,PHN2ZyB3aWR0aD0iMSIgaGVpZ2h0PSIxIiB4bWxucz0iaHR0cDovL3d3dy53My5vcmcvMjAwMC9zdmciPjwvc3ZnPg==\" style=\"--smush-placeholder-width: 600px; --smush-placeholder-aspect-ratio: 600\/600;\">\t\t\t\t\t\t\t\t\t\t\t\t\t\t\t<\/div>\n\t\t\t\t<\/div>\n\t\t\t\t\t<\/div>\n\t\t<\/div>\n\t\t\t\t\t<\/div>\n\t\t<\/section>\n\t\t\t\t<\/div>","protected":false},"excerpt":{"rendered":"<p>Hakk\u0131m\u0131zda 1978 y\u0131l\u0131nda bir aile \u015firketi olarak kurulan Elite Otomotiv ilk faaliyet alan\u0131 olan otomotiv yedek par\u00e7a ithalat\u0131 ve ihracat\u0131 ile otomotiv sekt\u00f6r\u00fcne hizmet vermeye ba\u015flam\u0131\u015ft\u0131r. 2000 y\u0131l\u0131nda fan pervanesi \u00fcretimi i\u00e7in kurulan Elite Cooling firmas\u0131 ile Grup \u015firketi haline gelerek Elite Group ad\u0131 alt\u0131nda faaliyetine devam etmi\u015ftir. Sonraki y\u0131llarda otomotiv sekt\u00f6r\u00fcyle s\u0131n\u0131rl\u0131 kalmay\u0131p farkl\u0131 [&hellip;]<\/p>\n","protected":false},"author":1,"featured_media":0,"parent":0,"menu_order":0,"comment_status":"closed","ping_status":"closed","template":"","meta":{"om_disable_all_campaigns":false,"_monsterinsights_skip_tracking":false,"_monsterinsights_sitenote_active":false,"_monsterinsights_sitenote_note":"","_monsterinsights_sitenote_category":0,"_uf_show_specific_survey":0,"_uf_disable_surveys":false,"footnotes":""},"class_list":["post-9","page","type-page","status-publish","hentry","entry","owp-thumbs-layout-horizontal","owp-btn-normal","owp-tabs-layout-horizontal","has-no-thumbnails","has-product-nav"],"jetpack_sharing_enabled":true,"_links":{"self":[{"href":"https:\/\/www.eliteplast.com.tr\/en\/wp-json\/wp\/v2\/pages\/9","targetHints":{"allow":["GET"]}}],"collection":[{"href":"https:\/\/www.eliteplast.com.tr\/en\/wp-json\/wp\/v2\/pages"}],"about":[{"href":"https:\/\/www.eliteplast.com.tr\/en\/wp-json\/wp\/v2\/types\/page"}],"author":[{"embeddable":true,"href":"https:\/\/www.eliteplast.com.tr\/en\/wp-json\/wp\/v2\/users\/1"}],"replies":[{"embeddable":true,"href":"https:\/\/www.eliteplast.com.tr\/en\/wp-json\/wp\/v2\/comments?post=9"}],"version-history":[{"count":1,"href":"https:\/\/www.eliteplast.com.tr\/en\/wp-json\/wp\/v2\/pages\/9\/revisions"}],"predecessor-version":[{"id":7685,"href":"https:\/\/www.eliteplast.com.tr\/en\/wp-json\/wp\/v2\/pages\/9\/revisions\/7685"}],"wp:attachment":[{"href":"https:\/\/www.eliteplast.com.tr\/en\/wp-json\/wp\/v2\/media?parent=9"}],"curies":[{"name":"wp","href":"https:\/\/api.w.org\/{rel}","templated":true}]}}