{"id":7,"date":"2023-07-10T18:37:10","date_gmt":"2023-07-10T15:37:10","guid":{"rendered":"http:\/\/www.plastikpaletvekasa.com\/?page_id=7"},"modified":"2023-09-04T19:33:40","modified_gmt":"2023-09-04T16:33:40","slug":"plastik-palet-ve-plastik-kasa","status":"publish","type":"page","link":"https:\/\/www.eliteplast.com.tr\/en\/","title":{"rendered":"Plastic Palette and Plastic Crate Straight from the Manufacturer"},"content":{"rendered":"<div data-elementor-type=\"wp-post\" data-elementor-id=\"7\" class=\"elementor elementor-7\" data-elementor-post-type=\"page\">\n\t\t\t\t\t\t<section class=\"elementor-section elementor-top-section elementor-element elementor-element-5b31806 elementor-section-boxed elementor-section-height-default elementor-section-height-default\" data-id=\"5b31806\" data-element_type=\"section\" data-e-type=\"section\">\n\t\t\t\t\t\t<div class=\"elementor-container elementor-column-gap-default\">\n\t\t\t\t\t<div class=\"elementor-column elementor-col-100 elementor-top-column elementor-element elementor-element-a25705b\" data-id=\"a25705b\" data-element_type=\"column\" data-e-type=\"column\">\n\t\t\t<div class=\"elementor-widget-wrap elementor-element-populated\">\n\t\t\t\t\t\t<div class=\"elementor-element elementor-element-6b1accc elementor-widget elementor-widget-text-editor\" data-id=\"6b1accc\" data-element_type=\"widget\" data-e-type=\"widget\" data-widget_type=\"text-editor.default\">\n\t\t\t\t<div class=\"elementor-widget-container\">\n\t\t\t\t\t\t\t\t\t<h2><span class=\"ez-toc-section\" id=\"100_Yerli_Uretim_Plastik_Palet_ve_Plastik_Kasa\"><\/span><strong>100% Local Plastic Palette and Plastic Crate<\/strong><span class=\"ez-toc-section-end\"><\/span><\/h2>\t\t\t\t\t\t\t\t<\/div>\n\t\t\t\t<\/div>\n\t\t\t\t\t<\/div>\n\t\t<\/div>\n\t\t\t\t\t<\/div>\n\t\t<\/section>\n\t\t\t\t<section class=\"elementor-section elementor-top-section elementor-element elementor-element-f1751a7 elementor-section-stretched elementor-section-boxed elementor-section-height-default elementor-section-height-default\" data-id=\"f1751a7\" data-element_type=\"section\" data-e-type=\"section\" data-settings=\"{&quot;stretch_section&quot;:&quot;section-stretched&quot;}\">\n\t\t\t\t\t\t<div class=\"elementor-container elementor-column-gap-default\">\n\t\t\t\t\t<div class=\"elementor-column elementor-col-100 elementor-top-column elementor-element elementor-element-35054d9\" data-id=\"35054d9\" data-element_type=\"column\" data-e-type=\"column\">\n\t\t\t<div class=\"elementor-widget-wrap elementor-element-populated\">\n\t\t\t\t\t\t<div class=\"elementor-element elementor-element-67dec14 elementor-pagination-position-outside elementor-hidden-phone elementor--h-position-right elementor--v-position-middle elementor-widget elementor-widget-slides\" data-id=\"67dec14\" data-element_type=\"widget\" data-e-type=\"widget\" data-settings=\"{&quot;navigation&quot;:&quot;dots&quot;,&quot;autoplay_speed&quot;:2500,&quot;autoplay&quot;:&quot;yes&quot;,&quot;pause_on_interaction&quot;:&quot;yes&quot;,&quot;transition&quot;:&quot;slide&quot;,&quot;transition_speed&quot;:500}\" data-widget_type=\"slides.default\">\n\t\t\t\t<div class=\"elementor-widget-container\">\n\t\t\t\t\t\t\t\t\t<div class=\"elementor-swiper\">\n\t\t\t\t\t<div class=\"elementor-slides-wrapper elementor-main-swiper swiper\" role=\"region\" aria-roledescription=\"carousel\" aria-label=\"Slides\" dir=\"ltr\" data-animation=\"\">\n\t\t\t\t<div class=\"swiper-wrapper elementor-slides\">\n\t\t\t\t\t\t\t\t\t\t<div class=\"elementor-repeater-item-c9ab180 swiper-slide\" role=\"group\" aria-roledescription=\"slide\"><div class=\"swiper-slide-bg\" role=\"img\" aria-label=\"yarim-plastik-palet\"><\/div><a class=\"swiper-slide-inner\" href=\"https:\/\/www.eliteplast.com.tr\/en\/export-plastic-pallet-interlocking\/\"><div class=\"swiper-slide-contents\"><div class=\"elementor-slide-heading\">60x80cm Half Palette<\/div><div class=\"elementor-slide-description\">We continue to expand our product range with our 60x80 cm half pallet model. You can place an order by choosing our half pallet model, which can interlock with each other, both as perforated and closed surface, in 600x800 mm dimensions.<\/div><div  class=\"elementor-button elementor-slide-button elementor-size-sm\">About More<\/div><\/div><\/a><\/div><div class=\"elementor-repeater-item-ce893dc swiper-slide\" role=\"group\" aria-roledescription=\"slide\"><div class=\"swiper-slide-bg\" role=\"img\" aria-label=\"plastik palet ve plastik kasa\"><\/div><a class=\"swiper-slide-inner\" href=\"https:\/\/www.eliteplast.com.tr\/en\/plastic-palette\/\"><div class=\"swiper-slide-contents\"><div class=\"elementor-slide-heading\">Plastic Pallet <\/div><div class=\"elementor-slide-description\">We aim to meet the needs of our valued customers with a variety of Nestable Plastic Pallet, One Way Plastic Pallet, Stackable Plastic Pallet, Rackable Plastic Pallet, Metal Reinforced Plastic Pallet.\n<\/div><div  class=\"elementor-button elementor-slide-button elementor-size-sm\">About More<\/div><\/div><\/a><\/div><div class=\"elementor-repeater-item-025fa03 swiper-slide\" role=\"group\" aria-roledescription=\"slide\"><div class=\"swiper-slide-bg\" role=\"img\" aria-label=\"plastik kasa slider\"><\/div><a class=\"swiper-slide-inner\" href=\"https:\/\/www.eliteplast.com.tr\/en\/plastic-crate\/\"><div class=\"swiper-slide-contents\"><div class=\"elementor-slide-heading\">Plastic Crate<\/div><div class=\"elementor-slide-description\">We aim to meet the needs of our valued customers with the types of Perforated Crates, Industrial Crates, Closed Crates, Beverage Crates, Bread Crates.<\/div><div  class=\"elementor-button elementor-slide-button elementor-size-sm\">About More<\/div><\/div><\/a><\/div>\t\t\t\t<\/div>\n\t\t\t\t\t\t\t\t\t\t\t\t\t\t\t\t\t\t\t\t<div class=\"swiper-pagination\"><\/div>\n\t\t\t\t\t\t\t\t\t\t\t\t<\/div>\n\t\t\t\t<\/div>\n\t\t\t\t\t\t\t\t<\/div>\n\t\t\t\t<\/div>\n\t\t\t\t\t<\/div>\n\t\t<\/div>\n\t\t\t\t\t<\/div>\n\t\t<\/section>\n\t\t\t\t<section class=\"elementor-section elementor-top-section elementor-element elementor-element-d5a8e73 elementor-section-boxed elementor-section-height-default elementor-section-height-default\" data-id=\"d5a8e73\" data-element_type=\"section\" data-e-type=\"section\">\n\t\t\t\t\t\t<div class=\"elementor-container elementor-column-gap-default\">\n\t\t\t\t\t<div class=\"elementor-column elementor-col-100 elementor-top-column elementor-element elementor-element-426cb59\" data-id=\"426cb59\" data-element_type=\"column\" data-e-type=\"column\">\n\t\t\t<div class=\"elementor-widget-wrap elementor-element-populated\">\n\t\t\t\t\t\t<div class=\"elementor-element elementor-element-8327122 elementor-widget elementor-widget-spacer\" data-id=\"8327122\" data-element_type=\"widget\" data-e-type=\"widget\" data-widget_type=\"spacer.default\">\n\t\t\t\t<div class=\"elementor-widget-container\">\n\t\t\t\t\t\t\t<div class=\"elementor-spacer\">\n\t\t\t<div class=\"elementor-spacer-inner\"><\/div>\n\t\t<\/div>\n\t\t\t\t\t\t<\/div>\n\t\t\t\t<\/div>\n\t\t\t\t\t<\/div>\n\t\t<\/div>\n\t\t\t\t\t<\/div>\n\t\t<\/section>\n\t\t\t\t<section class=\"elementor-section elementor-top-section elementor-element elementor-element-7c9c32d elementor-section-boxed elementor-section-height-default elementor-section-height-default\" data-id=\"7c9c32d\" data-element_type=\"section\" data-e-type=\"section\">\n\t\t\t\t\t\t<div class=\"elementor-container elementor-column-gap-default\">\n\t\t\t\t\t<div class=\"elementor-column elementor-col-33 elementor-top-column elementor-element elementor-element-b9b315f\" data-id=\"b9b315f\" data-element_type=\"column\" data-e-type=\"column\">\n\t\t\t<div class=\"elementor-widget-wrap elementor-element-populated\">\n\t\t\t\t\t\t<div class=\"elementor-element elementor-element-e9c4e14 elementor-cta--skin-classic elementor-animated-content elementor-bg-transform elementor-bg-transform-zoom-in elementor-widget elementor-widget-call-to-action\" data-id=\"e9c4e14\" data-element_type=\"widget\" data-e-type=\"widget\" data-widget_type=\"call-to-action.default\">\n\t\t\t\t<div class=\"elementor-widget-container\">\n\t\t\t\t\t\t\t<div class=\"elementor-cta\">\n\t\t\t\t\t<div class=\"elementor-cta__bg-wrapper\">\n\t\t\t\t<div class=\"elementor-cta__bg elementor-bg lazyload\" style=\"background-image:inherit;\" role=\"img\" aria-label=\"plastik palet ve plastik kasa\" data-bg-image=\"url(https:\/\/www.eliteplast.com.tr\/wp-content\/uploads\/2019\/07\/Elite-plast-forklift.jpg)\"><\/div>\n\t\t\t\t<div class=\"elementor-cta__bg-overlay\"><\/div>\n\t\t\t<\/div>\n\t\t\t\t\t\t\t<div class=\"elementor-cta__content\">\n\t\t\t\t\n\t\t\t\t\t\t\t\t\t<h2 class=\"elementor-cta__title elementor-cta__content-item elementor-content-item\"><span class=\"ez-toc-section\" id=\"Neden_Plastik_Palet_ve_Plastik_Kasa\"><\/span>\n\t\t\t\t\t\tWhy Plastic Pallet and Plastic Crate?\t\t\t\t\t<span class=\"ez-toc-section-end\"><\/span><\/h2>\n\t\t\t\t\n\t\t\t\t\t\t\t\t\t<div class=\"elementor-cta__description elementor-cta__content-item elementor-content-item\">\n\t\t\t\t\t\tDo you use wooden pallets and plan to use plastic pallets in the future? Do new legal regulations for your industry require you to use hygienic, clean loading equipment? Or are you wondering if plastic pallets can provide functional and financial benefits in your supply chain? We will help you check if the transition from wood to plastic pallet is suitable for you.\t\t\t\t\t<\/div>\n\t\t\t\t\n\t\t\t\t\t\t\t<\/div>\n\t\t\t\t\t\t<\/div>\n\t\t\t\t\t\t<\/div>\n\t\t\t\t<\/div>\n\t\t\t\t\t<\/div>\n\t\t<\/div>\n\t\t\t\t<div class=\"elementor-column elementor-col-33 elementor-top-column elementor-element elementor-element-216ebcc\" data-id=\"216ebcc\" data-element_type=\"column\" data-e-type=\"column\">\n\t\t\t<div class=\"elementor-widget-wrap elementor-element-populated\">\n\t\t\t\t\t\t<div class=\"elementor-element elementor-element-e1d4e20 elementor-cta--skin-classic elementor-animated-content elementor-bg-transform elementor-bg-transform-zoom-in elementor-widget elementor-widget-call-to-action\" data-id=\"e1d4e20\" data-element_type=\"widget\" data-e-type=\"widget\" data-widget_type=\"call-to-action.default\">\n\t\t\t\t<div class=\"elementor-widget-container\">\n\t\t\t\t\t\t\t<div class=\"elementor-cta\">\n\t\t\t\t\t<div class=\"elementor-cta__bg-wrapper\">\n\t\t\t\t<div class=\"elementor-cta__bg elementor-bg lazyload\" style=\"background-image:inherit;\" role=\"img\" aria-label=\"plastik palet ve plastik kasa\" data-bg-image=\"url(https:\/\/www.eliteplast.com.tr\/wp-content\/uploads\/2019\/07\/geri-d\u00f6n\u00fcs\u00fcm-cevre.jpg)\"><\/div>\n\t\t\t\t<div class=\"elementor-cta__bg-overlay\"><\/div>\n\t\t\t<\/div>\n\t\t\t\t\t\t\t<div class=\"elementor-cta__content\">\n\t\t\t\t\n\t\t\t\t\t\t\t\t\t<h2 class=\"elementor-cta__title elementor-cta__content-item elementor-content-item\"><span class=\"ez-toc-section\" id=\"Cevremiz_ve_Bizim_Icin_Geri_Donusum_Plastik_Palet_ve_Plastik_Kasa\"><\/span>\n\t\t\t\t\t\tRecycling for Our Environment\t\t\t\t\t<span class=\"ez-toc-section-end\"><\/span><\/h2>\n\t\t\t\t\n\t\t\t\t\t\t\t\t\t<div class=\"elementor-cta__description elementor-cta__content-item elementor-content-item\">\n\t\t\t\t\t\t<b>Plastik Paletlerimizin<\/b> We make most of our pallets from recycled plastic. Used plastics do not need to be heat treated by providing additional CO2 emissions to the environment. In addition, our products can be recycled again and again without losing their technical and functional features. Unlike wooden pallets, our plastic pallets can be used repeatedly, even after going through the circulation several times. This is how we stay in the ecological circle.\t\t\t\t\t<\/div>\n\t\t\t\t\n\t\t\t\t\t\t\t<\/div>\n\t\t\t\t\t\t<\/div>\n\t\t\t\t\t\t<\/div>\n\t\t\t\t<\/div>\n\t\t\t\t\t<\/div>\n\t\t<\/div>\n\t\t\t\t<div class=\"elementor-column elementor-col-33 elementor-top-column elementor-element elementor-element-321f255\" data-id=\"321f255\" data-element_type=\"column\" data-e-type=\"column\">\n\t\t\t<div class=\"elementor-widget-wrap elementor-element-populated\">\n\t\t\t\t\t\t<div class=\"elementor-element elementor-element-f8a78bb elementor-cta--skin-classic elementor-animated-content elementor-bg-transform elementor-bg-transform-zoom-in elementor-widget elementor-widget-call-to-action\" data-id=\"f8a78bb\" data-element_type=\"widget\" data-e-type=\"widget\" data-widget_type=\"call-to-action.default\">\n\t\t\t\t<div class=\"elementor-widget-container\">\n\t\t\t\t\t\t\t<div class=\"elementor-cta\">\n\t\t\t\t\t<div class=\"elementor-cta__bg-wrapper\">\n\t\t\t\t<div class=\"elementor-cta__bg elementor-bg lazyload\" style=\"background-image:inherit;\" role=\"img\" aria-label=\"plastik palet ve plastik kasa\" data-bg-image=\"url(https:\/\/www.eliteplast.com.tr\/wp-content\/uploads\/2019\/07\/kal\u0131p-tasar\u0131m.jpg)\"><\/div>\n\t\t\t\t<div class=\"elementor-cta__bg-overlay\"><\/div>\n\t\t\t<\/div>\n\t\t\t\t\t\t\t<div class=\"elementor-cta__content\">\n\t\t\t\t\n\t\t\t\t\t\t\t\t\t<h2 class=\"elementor-cta__title elementor-cta__content-item elementor-content-item\"><span class=\"ez-toc-section\" id=\"Siz_Degerli_Musterilerimizin_Taleplerine_Gore_Tasarim\"><\/span>\n\t\t\t\t\t\tDesign according to the demands of our valued customers\t\t\t\t\t<span class=\"ez-toc-section-end\"><\/span><\/h2>\n\t\t\t\t\n\t\t\t\t\t\t\t\t\t<div class=\"elementor-cta__description elementor-cta__content-item elementor-content-item\">\n\t\t\t\t\t\t<b>Plastic Pallet <\/b>Pallet requirements and needs are as variable as the industries used. For this reason, besides our standard products, the nature, shape, features, usage areas, dimensions and forms vary. For this reason, we also develop custom designs without higher costs than necessary. We design all our development and production processes for you in our own molding and production facilities under one roof.\t\t\t\t\t<\/div>\n\t\t\t\t\n\t\t\t\t\t\t\t<\/div>\n\t\t\t\t\t\t<\/div>\n\t\t\t\t\t\t<\/div>\n\t\t\t\t<\/div>\n\t\t\t\t\t<\/div>\n\t\t<\/div>\n\t\t\t\t\t<\/div>\n\t\t<\/section>\n\t\t\t\t<section class=\"elementor-section elementor-top-section elementor-element elementor-element-f623efc elementor-section-boxed elementor-section-height-default elementor-section-height-default\" data-id=\"f623efc\" data-element_type=\"section\" data-e-type=\"section\">\n\t\t\t\t\t\t<div class=\"elementor-container elementor-column-gap-default\">\n\t\t\t\t\t<div class=\"elementor-column elementor-col-100 elementor-top-column elementor-element elementor-element-2595142\" data-id=\"2595142\" data-element_type=\"column\" data-e-type=\"column\">\n\t\t\t<div class=\"elementor-widget-wrap elementor-element-populated\">\n\t\t\t\t\t\t<div class=\"elementor-element elementor-element-86ca8ea elementor-widget elementor-widget-spacer\" data-id=\"86ca8ea\" data-element_type=\"widget\" data-e-type=\"widget\" data-widget_type=\"spacer.default\">\n\t\t\t\t<div class=\"elementor-widget-container\">\n\t\t\t\t\t\t\t<div class=\"elementor-spacer\">\n\t\t\t<div class=\"elementor-spacer-inner\"><\/div>\n\t\t<\/div>\n\t\t\t\t\t\t<\/div>\n\t\t\t\t<\/div>\n\t\t\t\t\t<\/div>\n\t\t<\/div>\n\t\t\t\t\t<\/div>\n\t\t<\/section>\n\t\t\t\t<section class=\"elementor-section elementor-top-section elementor-element elementor-element-fb2f261 elementor-section-boxed elementor-section-height-default elementor-section-height-default\" data-id=\"fb2f261\" data-element_type=\"section\" data-e-type=\"section\">\n\t\t\t\t\t\t<div class=\"elementor-container elementor-column-gap-default\">\n\t\t\t\t\t<div class=\"elementor-column elementor-col-50 elementor-top-column elementor-element elementor-element-17f6435\" data-id=\"17f6435\" data-element_type=\"column\" data-e-type=\"column\">\n\t\t\t<div class=\"elementor-widget-wrap elementor-element-populated\">\n\t\t\t\t\t\t<div class=\"elementor-element elementor-element-dfa45ed elementor-widget elementor-widget-image\" data-id=\"dfa45ed\" data-element_type=\"widget\" data-e-type=\"widget\" data-widget_type=\"image.default\">\n\t\t\t\t<div class=\"elementor-widget-container\">\n\t\t\t\t\t\t\t\t\t\t\t\t\t\t\t<img fetchpriority=\"high\" decoding=\"async\" width=\"768\" height=\"480\" src=\"https:\/\/www.eliteplast.com.tr\/wp-content\/uploads\/2019\/07\/elite-\u00f6n-cephe-768x480.jpg\" class=\"attachment-medium_large size-medium_large wp-image-140\" alt=\"plastik palet ve plastik kasa\" srcset=\"https:\/\/www.eliteplast.com.tr\/wp-content\/uploads\/2019\/07\/elite-\u00f6n-cephe-768x480.jpg 768w, https:\/\/www.eliteplast.com.tr\/wp-content\/uploads\/2019\/07\/elite-\u00f6n-cephe-600x375.jpg 600w, https:\/\/www.eliteplast.com.tr\/wp-content\/uploads\/2019\/07\/elite-\u00f6n-cephe-300x188.jpg 300w, https:\/\/www.eliteplast.com.tr\/wp-content\/uploads\/2019\/07\/elite-\u00f6n-cephe.jpg 960w\" sizes=\"(max-width: 768px) 100vw, 768px\" title=\"\">\t\t\t\t\t\t\t\t\t\t\t\t\t\t\t<\/div>\n\t\t\t\t<\/div>\n\t\t\t\t\t<\/div>\n\t\t<\/div>\n\t\t\t\t<div class=\"elementor-column elementor-col-50 elementor-top-column elementor-element elementor-element-1360962\" data-id=\"1360962\" data-element_type=\"column\" data-e-type=\"column\">\n\t\t\t<div class=\"elementor-widget-wrap elementor-element-populated\">\n\t\t\t\t\t\t<div class=\"elementor-element elementor-element-b341632 elementor-widget elementor-widget-text-editor\" data-id=\"b341632\" data-element_type=\"widget\" data-e-type=\"widget\" data-widget_type=\"text-editor.default\">\n\t\t\t\t<div class=\"elementor-widget-container\">\n\t\t\t\t\t\t\t\t\t<h2><span class=\"ez-toc-section\" id=\"Elite_Plast\"><\/span>Elite Plast<span class=\"ez-toc-section-end\"><\/span><\/h2>\nEstablished in 2014 with its own equity, Elite Plast has joined the group of companies. However, by starting the production of plastic pallets and crates, it serves our customers operating in different sectors. Consequently, it continues to provide services with the most suitable solutions for different needs and demands. Moreover, our hygienic pallet and crate products are manufactured suitable for food contact. Furthermore, they can be used and preferred by all food and pharmaceutical sector companies. In fact, we provide the most suitable solution for our customers who use plastic pallets for heavy load and export purposes. For this reason, it is produced in our factory located in Tekirda\u011f \/ Muratl\u0131 with high technology machines and control equipment, with 15,000 m\u00b2 open and 7,000 m\u00b2 closed area. Additionally, from our administrative office, sales, and storage center located in Istanbul \/ Bah\u00e7e\u015fehir, it is shipped to 32 different countries. <a style=\"font-size: 14px; background-color: #ffffff;\" href=\"https:\/\/www.eliteplast.com.tr\/en\/contact-us\/\" target=\"_blank\" rel=\"noopener\">Elite Plast<\/a><span style=\"font-size: 14px; color: #000000;\"> firmas\u0131n\u0131n grup \u015firketlerine kat\u0131lm\u0131\u015ft\u0131r. Ancak, plastik palet ve kasa \u00fcretimine ba\u015flayarak farkl\u0131 sekt\u00f6rlerde faaliyet g\u00f6steren m\u00fc\u015fterilerimize hizmet vermektedir.\u00a0 Sonu\u00e7 olarak, farkl\u0131 ihtiya\u00e7 ve taleplere en uygun \u00e7\u00f6z\u00fcmlerle hizmet vermeye devam etmektedir. Bununla birlikte, hijyenik palet ve kasa \u00fcr\u00fcnlerimiz g\u0131da temas\u0131na uygun \u00fcretilmektedir. Dahas\u0131, t\u00fcm g\u0131da ve ila\u00e7 sekt\u00f6r\u00fc firmalar\u0131 taraf\u0131ndan kullan\u0131labilmekte ve tercih edilmektedir. Hatta, a\u011f\u0131r y\u00fck ve ihracata y\u00f6nelik plastik palet kullan\u0131m\u0131 olan m\u00fc\u015fterilerimize en uygun \u00e7\u00f6z\u00fcm\u00fc sunmaktay\u0131z. Bu sebeple, y\u00fcksek teknoloji makine ve kontrol ekipmanlar\u0131 ile 15.000 m\u00b2 a\u00e7\u0131k 7000 m\u00b2 kapal\u0131 alan\u0131 ile <\/span><a style=\"font-size: 14px; background-color: #ffffff;\" href=\"https:\/\/www.elitecooling.org\/contact-us\/\" target=\"_blank\" rel=\"noopener\">Tekirda\u011f \/ Muratl\u0131 \u2019<\/a><span style=\"font-size: 14px; color: #000000;\">da bulunan fabrikam\u0131zda \u00fcretilmektedir. Bununla birlikte, \u0130stanbul \/ Bah\u00e7e\u015fehir \u2019de bulunan idari ofis, sat\u0131\u015f ve depolama merkezimizden 32 farkl\u0131 \u00fclkeye sevk edilmektedir.<\/span>\t\t\t\t\t\t\t\t<\/div>\n\t\t\t\t<\/div>\n\t\t\t\t\t<\/div>\n\t\t<\/div>\n\t\t\t\t\t<\/div>\n\t\t<\/section>\n\t\t\t\t<\/div>","protected":false},"excerpt":{"rendered":"<p>%100 Yerli \u00dcretim Plastik Palet ve Plastik Kasa 60x80cm Yar\u0131m Palet60x80 cm Yar\u0131m palet modelimiz ile \u00fcr\u00fcn yelpazemizi geni\u015fletmeye devam ediyoruz. Hem delikli hem de kapal\u0131 y\u00fczey olarak 600&#215;800 mm i\u00e7 i\u00e7e ge\u00e7ebilen yar\u0131m palet modelimizi se\u00e7erek sipari\u015f edebilirsinizDaha Fazlas\u0131Plastik Palet \u0130\u00e7 i\u00e7e ge\u00e7ebilen plastik palet, ihracat paleti, a\u011f\u0131r y\u00fck paleti, raf paleti. Bununla birlikte, [&hellip;]<\/p>\n","protected":false},"author":1,"featured_media":0,"parent":0,"menu_order":0,"comment_status":"closed","ping_status":"closed","template":"","meta":{"om_disable_all_campaigns":false,"_monsterinsights_skip_tracking":false,"_monsterinsights_sitenote_active":false,"_monsterinsights_sitenote_note":"","_monsterinsights_sitenote_category":0,"_uf_show_specific_survey":0,"_uf_disable_surveys":false,"footnotes":""},"class_list":["post-7","page","type-page","status-publish","hentry","entry","owp-thumbs-layout-horizontal","owp-btn-normal","owp-tabs-layout-horizontal","has-no-thumbnails","has-product-nav"],"jetpack_sharing_enabled":true,"_links":{"self":[{"href":"https:\/\/www.eliteplast.com.tr\/en\/wp-json\/wp\/v2\/pages\/7","targetHints":{"allow":["GET"]}}],"collection":[{"href":"https:\/\/www.eliteplast.com.tr\/en\/wp-json\/wp\/v2\/pages"}],"about":[{"href":"https:\/\/www.eliteplast.com.tr\/en\/wp-json\/wp\/v2\/types\/page"}],"author":[{"embeddable":true,"href":"https:\/\/www.eliteplast.com.tr\/en\/wp-json\/wp\/v2\/users\/1"}],"replies":[{"embeddable":true,"href":"https:\/\/www.eliteplast.com.tr\/en\/wp-json\/wp\/v2\/comments?post=7"}],"version-history":[{"count":22,"href":"https:\/\/www.eliteplast.com.tr\/en\/wp-json\/wp\/v2\/pages\/7\/revisions"}],"predecessor-version":[{"id":7733,"href":"https:\/\/www.eliteplast.com.tr\/en\/wp-json\/wp\/v2\/pages\/7\/revisions\/7733"}],"wp:attachment":[{"href":"https:\/\/www.eliteplast.com.tr\/en\/wp-json\/wp\/v2\/media?parent=7"}],"curies":[{"name":"wp","href":"https:\/\/api.w.org\/{rel}","templated":true}]}}