{"id":1376,"date":"2023-07-25T11:20:07","date_gmt":"2023-07-25T08:20:07","guid":{"rendered":"http:\/\/www.plastikpaletvekasa.com\/?page_id=1376"},"modified":"2023-09-03T20:59:03","modified_gmt":"2023-09-03T17:59:03","slug":"tabani-kapali-tip-plastik-kasa","status":"publish","type":"page","link":"https:\/\/www.eliteplast.com.tr\/en\/bottom-closed-type-plastic-crate\/","title":{"rendered":"Solid Based Plastic Crate"},"content":{"rendered":"<div data-elementor-type=\"wp-post\" data-elementor-id=\"1376\" class=\"elementor elementor-1376\" data-elementor-post-type=\"page\">\n\t\t\t\t\t\t<section class=\"elementor-section elementor-top-section elementor-element elementor-element-3eee7320 elementor-section-boxed elementor-section-height-default elementor-section-height-default\" data-id=\"3eee7320\" data-element_type=\"section\" data-e-type=\"section\">\n\t\t\t\t\t\t<div class=\"elementor-container elementor-column-gap-default\">\n\t\t\t\t\t<div class=\"elementor-column elementor-col-50 elementor-top-column elementor-element elementor-element-1c547ad8\" data-id=\"1c547ad8\" data-element_type=\"column\" data-e-type=\"column\">\n\t\t\t<div class=\"elementor-widget-wrap elementor-element-populated\">\n\t\t\t\t\t\t<div class=\"elementor-element elementor-element-501f251e elementor-position-top elementor-widget elementor-widget-image-box\" data-id=\"501f251e\" data-element_type=\"widget\" data-e-type=\"widget\" data-widget_type=\"image-box.default\">\n\t\t\t\t<div class=\"elementor-widget-container\">\n\t\t\t\t\t<div class=\"elementor-image-box-wrapper\"><figure class=\"elementor-image-box-img\"><a href=\"https:\/\/www.eliteplast.com.tr\/en\/urun-kategori\/plastik-kasa\/tabani-kapali-tip-plastik-kasa\/30x40-cm-serisi-tabani-kapali-tip-plastik-kasa\/\" tabindex=\"-1\"><img fetchpriority=\"high\" decoding=\"async\" width=\"600\" height=\"600\" src=\"https:\/\/www.eliteplast.com.tr\/wp-content\/uploads\/2019\/07\/plastik-kasa-ac\u0131k-taban\u0131-kapal\u0131-40x60x35-k\u0131rm\u0131z\u0131-600x600-1.jpg\" class=\"attachment-full size-full wp-image-1375\" alt=\"plastik kasa taban\u0131 kapal\u0131 tip sanayi kasas\u0131 300x400x280mm k\u0131rm\u0131z\u0131\" title=\"\" srcset=\"https:\/\/www.eliteplast.com.tr\/wp-content\/uploads\/2019\/07\/plastik-kasa-ac\u0131k-taban\u0131-kapal\u0131-40x60x35-k\u0131rm\u0131z\u0131-600x600-1.jpg 600w, https:\/\/www.eliteplast.com.tr\/wp-content\/uploads\/2019\/07\/plastik-kasa-ac\u0131k-taban\u0131-kapal\u0131-40x60x35-k\u0131rm\u0131z\u0131-600x600-1-150x150.jpg 150w, https:\/\/www.eliteplast.com.tr\/wp-content\/uploads\/2019\/07\/plastik-kasa-ac\u0131k-taban\u0131-kapal\u0131-40x60x35-k\u0131rm\u0131z\u0131-600x600-1-300x300.jpg 300w, https:\/\/www.eliteplast.com.tr\/wp-content\/uploads\/2019\/07\/plastik-kasa-ac\u0131k-taban\u0131-kapal\u0131-40x60x35-k\u0131rm\u0131z\u0131-600x600-1-100x100.jpg 100w\" sizes=\"(max-width: 600px) 100vw, 600px\" \/><\/a><\/figure><div class=\"elementor-image-box-content\"><h2 class=\"elementor-image-box-title\"><span class=\"ez-toc-section\" id=\"30x40_cm_Serisi_Tabani_Kapali_Kasa\"><\/span><a href=\"https:\/\/www.eliteplast.com.tr\/en\/urun-kategori\/plastik-kasa\/tabani-kapali-tip-plastik-kasa\/30x40-cm-serisi-tabani-kapali-tip-plastik-kasa\/\">30x40 cm Series Solid Based Plastic Crate<\/a><span class=\"ez-toc-section-end\"><\/span><\/h2><\/div><\/div>\t\t\t\t<\/div>\n\t\t\t\t<\/div>\n\t\t\t\t<div class=\"elementor-element elementor-element-7fde219e elementor-align-justify elementor-widget elementor-widget-button\" data-id=\"7fde219e\" data-element_type=\"widget\" data-e-type=\"widget\" data-widget_type=\"button.default\">\n\t\t\t\t<div class=\"elementor-widget-container\">\n\t\t\t\t\t\t\t\t\t<div class=\"elementor-button-wrapper\">\n\t\t\t\t\t<a class=\"elementor-button elementor-button-link elementor-size-sm\" href=\"https:\/\/www.eliteplast.com.tr\/en\/urun-kategori\/plastik-kasa\/tabani-kapali-tip-plastik-kasa\/30x40-cm-serisi-tabani-kapali-tip-plastik-kasa\/\">\n\t\t\t\t\t\t<span class=\"elementor-button-content-wrapper\">\n\t\t\t\t\t\t\t\t\t<span class=\"elementor-button-text\">\u0130ncele<\/span>\n\t\t\t\t\t<\/span>\n\t\t\t\t\t<\/a>\n\t\t\t\t<\/div>\n\t\t\t\t\t\t\t\t<\/div>\n\t\t\t\t<\/div>\n\t\t\t\t\t<\/div>\n\t\t<\/div>\n\t\t\t\t<div class=\"elementor-column elementor-col-50 elementor-top-column elementor-element elementor-element-606d21b5\" data-id=\"606d21b5\" data-element_type=\"column\" data-e-type=\"column\">\n\t\t\t<div class=\"elementor-widget-wrap elementor-element-populated\">\n\t\t\t\t\t\t<div class=\"elementor-element elementor-element-2ca8dd1d elementor-position-top elementor-widget elementor-widget-image-box\" data-id=\"2ca8dd1d\" data-element_type=\"widget\" data-e-type=\"widget\" data-widget_type=\"image-box.default\">\n\t\t\t\t<div class=\"elementor-widget-container\">\n\t\t\t\t\t<div class=\"elementor-image-box-wrapper\"><figure class=\"elementor-image-box-img\"><a href=\"https:\/\/www.eliteplast.com.tr\/en\/urun-kategori\/plastik-kasa\/tabani-kapali-tip-plastik-kasa\/40x60-cm-serisi-tabani-kapali-tip-plastik-kasa\/\" tabindex=\"-1\"><img decoding=\"async\" width=\"600\" height=\"600\" data-src=\"https:\/\/www.eliteplast.com.tr\/wp-content\/uploads\/2019\/07\/plastik-kasa-ac\u0131k-taban\u0131-kapal\u0131-balkonlu-40x60x20-mavi.jpg\" class=\"attachment-full size-full wp-image-1299 lazyload\" alt=\"plastik kasa taban\u0131 kapal\u0131 balkonlu tip sanayi kasas\u0131 400x600x200mm mavi\" title=\"\" data-srcset=\"https:\/\/www.eliteplast.com.tr\/wp-content\/uploads\/2019\/07\/plastik-kasa-ac\u0131k-taban\u0131-kapal\u0131-balkonlu-40x60x20-mavi.jpg 600w, https:\/\/www.eliteplast.com.tr\/wp-content\/uploads\/2019\/07\/plastik-kasa-ac\u0131k-taban\u0131-kapal\u0131-balkonlu-40x60x20-mavi-150x150.jpg 150w, https:\/\/www.eliteplast.com.tr\/wp-content\/uploads\/2019\/07\/plastik-kasa-ac\u0131k-taban\u0131-kapal\u0131-balkonlu-40x60x20-mavi-300x300.jpg 300w, https:\/\/www.eliteplast.com.tr\/wp-content\/uploads\/2019\/07\/plastik-kasa-ac\u0131k-taban\u0131-kapal\u0131-balkonlu-40x60x20-mavi-100x100.jpg 100w\" data-sizes=\"(max-width: 600px) 100vw, 600px\" src=\"data:image\/svg+xml;base64,PHN2ZyB3aWR0aD0iMSIgaGVpZ2h0PSIxIiB4bWxucz0iaHR0cDovL3d3dy53My5vcmcvMjAwMC9zdmciPjwvc3ZnPg==\" style=\"--smush-placeholder-width: 600px; --smush-placeholder-aspect-ratio: 600\/600;\" \/><\/a><\/figure><div class=\"elementor-image-box-content\"><h2 class=\"elementor-image-box-title\"><span class=\"ez-toc-section\" id=\"40x60_cm_Serisi_Tabani_Kapali_Kasa\"><\/span><a href=\"https:\/\/www.eliteplast.com.tr\/en\/urun-kategori\/plastik-kasa\/tabani-kapali-tip-plastik-kasa\/40x60-cm-serisi-tabani-kapali-tip-plastik-kasa\/\">40x60 cm Series Solid Based Plastic Crate<\/a><span class=\"ez-toc-section-end\"><\/span><\/h2><\/div><\/div>\t\t\t\t<\/div>\n\t\t\t\t<\/div>\n\t\t\t\t<div class=\"elementor-element elementor-element-781f6dce elementor-align-justify elementor-widget elementor-widget-button\" data-id=\"781f6dce\" data-element_type=\"widget\" data-e-type=\"widget\" data-widget_type=\"button.default\">\n\t\t\t\t<div class=\"elementor-widget-container\">\n\t\t\t\t\t\t\t\t\t<div class=\"elementor-button-wrapper\">\n\t\t\t\t\t<a class=\"elementor-button elementor-button-link elementor-size-sm\" href=\"https:\/\/www.eliteplast.com.tr\/en\/urun-kategori\/plastik-kasa\/tabani-kapali-tip-plastik-kasa\/40x60-cm-serisi-tabani-kapali-tip-plastik-kasa\/\">\n\t\t\t\t\t\t<span class=\"elementor-button-content-wrapper\">\n\t\t\t\t\t\t\t\t\t<span class=\"elementor-button-text\">\u0130ncele<\/span>\n\t\t\t\t\t<\/span>\n\t\t\t\t\t<\/a>\n\t\t\t\t<\/div>\n\t\t\t\t\t\t\t\t<\/div>\n\t\t\t\t<\/div>\n\t\t\t\t\t<\/div>\n\t\t<\/div>\n\t\t\t\t\t<\/div>\n\t\t<\/section>\n\t\t\t\t<section class=\"elementor-section elementor-top-section elementor-element elementor-element-5bf9dc6 elementor-section-boxed elementor-section-height-default elementor-section-height-default\" data-id=\"5bf9dc6\" data-element_type=\"section\" data-e-type=\"section\">\n\t\t\t\t\t\t<div class=\"elementor-container elementor-column-gap-default\">\n\t\t\t\t\t<div class=\"elementor-column elementor-col-100 elementor-top-column elementor-element elementor-element-fb675b1\" data-id=\"fb675b1\" data-element_type=\"column\" data-e-type=\"column\">\n\t\t\t<div class=\"elementor-widget-wrap elementor-element-populated\">\n\t\t\t\t\t\t<div class=\"elementor-element elementor-element-f65a93f elementor-widget__width-initial elementor-widget elementor-widget-text-editor\" data-id=\"f65a93f\" data-element_type=\"widget\" data-e-type=\"widget\" data-widget_type=\"text-editor.default\">\n\t\t\t\t<div class=\"elementor-widget-container\">\n\t\t\t\t\t\t\t\t\t<hr \/><h2><span class=\"ez-toc-section\" id=\"Tabani_Kapali_Tip_Plastik_Kasa_Nedir\"><\/span><span style=\"font-family: UICTFontTextStyleBody; font-size: 18.24px; font-style: normal; color: #000000;\">Taban\u0131 Kapal\u0131 Tip Plastik Kasa Nedir?<\/span><span class=\"ez-toc-section-end\"><\/span><\/h2><p><span style=\"font-family: UICTFontTextStyleBody; font-size: 18.24px; font-style: normal; color: #000000;\">T<\/span><span style=\"color: #000000; font-family: UICTFontTextStyleBody; font-size: 18.24px; font-style: normal; -webkit-text-size-adjust: 100%;\">aban\u0131 kapal\u0131 tip plastik kasa, end\u00fcstriyel depolama ve ta\u015f\u0131ma ihtiya\u00e7lar\u0131n\u0131 kar\u015f\u0131layan \u00f6nemli bir lojistik \u00e7\u00f6z\u00fcm\u00fcd\u00fcr. Bu tip plastik kasalar, dayan\u0131kl\u0131 yap\u0131s\u0131 ve kapal\u0131 taban\u0131 sayesinde \u00fcr\u00fcnlerin g\u00fcvenli bir \u015fekilde saklanmas\u0131n\u0131 sa\u011flar. Ayr\u0131ca, hijyenik ko\u015fullar\u0131n korunmas\u0131na da yard\u0131mc\u0131 olurlar, bu da \u00f6zellikle g\u0131da end\u00fcstrisi i\u00e7in kritik bir \u00f6neme sahiptir.<\/span><\/p><p><span style=\"font-family: UICTFontTextStyleBody; font-style: normal; font-size: 18.24px; color: #000000;\">Taban\u0131 kapal\u0131 plastik kasalar\u0131n avantajlar\u0131ndan biri, \u00fcr\u00fcnlerin toz, nem ve di\u011fer d\u0131\u015f etkenlerden korunmas\u0131n\u0131 sa\u011flamakt\u0131r. Bu, depolanan \u00fcr\u00fcnlerin kalitesini ve dayan\u0131kl\u0131l\u0131\u011f\u0131n\u0131 art\u0131r\u0131r. Ayn\u0131 zamanda, bu kasalar\u0131n temizli\u011fi de olduk\u00e7a kolayd\u0131r ve hijyen standartlar\u0131na uygunluklar\u0131yla \u00f6ne \u00e7\u0131kar.<\/span><\/p><h2><span class=\"ez-toc-section\" id=\"Tabani_Kapali_Tip_Plastik_Kasalar_Nerelerde_Kulllanilir\"><\/span><span style=\"font-family: UICTFontTextStyleBody; font-style: normal; font-size: 18.24px; color: #000000;\">Taban\u0131 Kapal\u0131 Tip Plastik Kasalar Nerelerde Kulllan\u0131l\u0131r?<\/span><span class=\"ez-toc-section-end\"><\/span><\/h2><p><span style=\"font-family: UICTFontTextStyleBody; font-style: normal; font-size: 18.24px; color: #000000;\">Bu kasalar, \u00e7e\u015fitli sekt\u00f6rlerde kullan\u0131lan \u00e7ok ama\u00e7l\u0131 depolama \u00e7\u00f6z\u00fcmleridir. \u0130malat at\u00f6lyeleri, depo tesisleri, otomotiv end\u00fcstrisi ve g\u0131da \u00fcreticileri gibi bir\u00e7ok sekt\u00f6rde yayg\u0131n olarak kullan\u0131l\u0131rlar. Ayr\u0131ca, nakliye s\u0131ras\u0131nda \u00fcr\u00fcnlerin g\u00fcvenli bir \u015fekilde ta\u015f\u0131nmas\u0131n\u0131 sa\u011flarlar.<\/span><\/p><h2><span class=\"ez-toc-section\" id=\"Tabani_Kapali_Tip_Plastik_Kasa_Olculeri\"><\/span><span style=\"font-family: UICTFontTextStyleBody; font-style: normal; font-size: 18.24px; color: #000000;\">Taban\u0131 Kapal\u0131 Tip Plastik Kasa \u00d6l\u00e7\u00fcleri<\/span><span class=\"ez-toc-section-end\"><\/span><\/h2><p><span style=\"font-family: UICTFontTextStyleBody; font-style: normal; font-size: 18.24px; color: #000000;\">Taban\u0131 kapal\u0131 tip plastik kasalar, farkl\u0131 boyutlarda ve \u00f6zelliklerde bulunabilir. Bu, kullan\u0131c\u0131lar\u0131n ihtiya\u00e7lar\u0131na uygun bir se\u00e7enek bulmalar\u0131n\u0131 kolayla\u015ft\u0131r\u0131r. Ayr\u0131ca, dayan\u0131kl\u0131 plastik malzemeden \u00fcretilmi\u015flerdir, bu da uzun \u00f6m\u00fcrl\u00fc ve ekonomik bir \u00e7\u00f6z\u00fcm sunar. Elite Plast olarak sundu\u011fumuz taban\u0131 kapal\u0131 tip plastik kasa \u00f6l\u00e7\u00fcleri \u015funlard\u0131r:<\/span><\/p><ul><li>30&#215;40 cm<\/li><li>40&#215;60 cm<\/li><\/ul><p><span style=\"font-family: UICTFontTextStyleBody; font-style: normal; font-size: 18.24px; color: #000000;\">\u00a0\u0130htiyac\u0131n\u0131za g\u00f6re farkl\u0131 plastik kasa \u00e7e\u015fitleri ve boyutlar\u0131 i\u00e7in <a href=\"https:\/\/www.eliteplast.com.tr\/en\/plastic-crate\/\">Plastic Crate<\/a> sayfam\u0131z\u0131 ziyaret edin.<\/span><\/p>\t\t\t\t\t\t\t\t<\/div>\n\t\t\t\t<\/div>\n\t\t\t\t\t<\/div>\n\t\t<\/div>\n\t\t\t\t\t<\/div>\n\t\t<\/section>\n\t\t\t\t<\/div>","protected":false},"excerpt":{"rendered":"<p>30&#215;40 cm Serisi Taban\u0131 Kapal\u0131 Kasa \u0130ncele 40&#215;60 cm Serisi Taban\u0131 Kapal\u0131 Kasa \u0130ncele Taban\u0131 Kapal\u0131 Tip Plastik Kasa Nedir? Taban\u0131 kapal\u0131 tip plastik kasa, end\u00fcstriyel depolama ve ta\u015f\u0131ma ihtiya\u00e7lar\u0131n\u0131 kar\u015f\u0131layan \u00f6nemli bir lojistik \u00e7\u00f6z\u00fcm\u00fcd\u00fcr. Bu tip plastik kasalar, dayan\u0131kl\u0131 yap\u0131s\u0131 ve kapal\u0131 taban\u0131 sayesinde \u00fcr\u00fcnlerin g\u00fcvenli bir \u015fekilde saklanmas\u0131n\u0131 sa\u011flar. Ayr\u0131ca, hijyenik ko\u015fullar\u0131n korunmas\u0131na [&hellip;]<\/p>\n","protected":false},"author":1,"featured_media":0,"parent":0,"menu_order":0,"comment_status":"closed","ping_status":"closed","template":"","meta":{"om_disable_all_campaigns":false,"_monsterinsights_skip_tracking":false,"_monsterinsights_sitenote_active":false,"_monsterinsights_sitenote_note":"","_monsterinsights_sitenote_category":0,"_uf_show_specific_survey":0,"_uf_disable_surveys":false,"footnotes":""},"class_list":["post-1376","page","type-page","status-publish","hentry","entry","owp-thumbs-layout-horizontal","owp-btn-normal","owp-tabs-layout-horizontal","has-no-thumbnails","has-product-nav"],"jetpack_sharing_enabled":true,"_links":{"self":[{"href":"https:\/\/www.eliteplast.com.tr\/en\/wp-json\/wp\/v2\/pages\/1376","targetHints":{"allow":["GET"]}}],"collection":[{"href":"https:\/\/www.eliteplast.com.tr\/en\/wp-json\/wp\/v2\/pages"}],"about":[{"href":"https:\/\/www.eliteplast.com.tr\/en\/wp-json\/wp\/v2\/types\/page"}],"author":[{"embeddable":true,"href":"https:\/\/www.eliteplast.com.tr\/en\/wp-json\/wp\/v2\/users\/1"}],"replies":[{"embeddable":true,"href":"https:\/\/www.eliteplast.com.tr\/en\/wp-json\/wp\/v2\/comments?post=1376"}],"version-history":[{"count":11,"href":"https:\/\/www.eliteplast.com.tr\/en\/wp-json\/wp\/v2\/pages\/1376\/revisions"}],"predecessor-version":[{"id":7732,"href":"https:\/\/www.eliteplast.com.tr\/en\/wp-json\/wp\/v2\/pages\/1376\/revisions\/7732"}],"wp:attachment":[{"href":"https:\/\/www.eliteplast.com.tr\/en\/wp-json\/wp\/v2\/media?parent=1376"}],"curies":[{"name":"wp","href":"https:\/\/api.w.org\/{rel}","templated":true}]}}