{"id":1219,"date":"2023-07-24T17:05:45","date_gmt":"2023-07-24T14:05:45","guid":{"rendered":"http:\/\/www.plastikpaletvekasa.com\/?page_id=1219"},"modified":"2023-08-27T22:18:44","modified_gmt":"2023-08-27T19:18:44","slug":"kapali-tip-plastik-kasa","status":"publish","type":"page","link":"https:\/\/www.eliteplast.com.tr\/en\/closed-type-plastic-crate\/","title":{"rendered":"Closed Plastic Crate"},"content":{"rendered":"<div data-elementor-type=\"wp-post\" data-elementor-id=\"1219\" class=\"elementor elementor-1219\" data-elementor-post-type=\"page\">\n\t\t\t\t\t\t<section class=\"elementor-section elementor-top-section elementor-element elementor-element-3d26a131 elementor-section-boxed elementor-section-height-default elementor-section-height-default\" data-id=\"3d26a131\" data-element_type=\"section\" data-e-type=\"section\">\n\t\t\t\t\t\t<div class=\"elementor-container elementor-column-gap-default\">\n\t\t\t\t\t<div class=\"elementor-column elementor-col-50 elementor-top-column elementor-element elementor-element-23c993fc\" data-id=\"23c993fc\" data-element_type=\"column\" data-e-type=\"column\">\n\t\t\t<div class=\"elementor-widget-wrap elementor-element-populated\">\n\t\t\t\t\t\t<div class=\"elementor-element elementor-element-3213bc3b elementor-position-top elementor-widget elementor-widget-image-box\" data-id=\"3213bc3b\" data-element_type=\"widget\" data-e-type=\"widget\" data-widget_type=\"image-box.default\">\n\t\t\t\t<div class=\"elementor-widget-container\">\n\t\t\t\t\t<div class=\"elementor-image-box-wrapper\"><figure class=\"elementor-image-box-img\"><a href=\"https:\/\/www.eliteplast.com.tr\/en\/urun-kategori\/plastik-kasa\/kapali-tip-plastik-kasa\/30x40-cm-serisi\/\" tabindex=\"-1\"><img fetchpriority=\"high\" decoding=\"async\" width=\"600\" height=\"600\" src=\"https:\/\/www.eliteplast.com.tr\/wp-content\/uploads\/2019\/07\/plastik-kasa-kapal\u0131-sanayi-30x40x12-gri.jpg\" class=\"attachment-full size-full wp-image-1228\" alt=\"plastik kasa kapal\u0131 tip sanayi kasas\u0131 300x400x120mm gri\" title=\"\" srcset=\"https:\/\/www.eliteplast.com.tr\/wp-content\/uploads\/2019\/07\/plastik-kasa-kapal\u0131-sanayi-30x40x12-gri.jpg 600w, https:\/\/www.eliteplast.com.tr\/wp-content\/uploads\/2019\/07\/plastik-kasa-kapal\u0131-sanayi-30x40x12-gri-150x150.jpg 150w, https:\/\/www.eliteplast.com.tr\/wp-content\/uploads\/2019\/07\/plastik-kasa-kapal\u0131-sanayi-30x40x12-gri-300x300.jpg 300w, https:\/\/www.eliteplast.com.tr\/wp-content\/uploads\/2019\/07\/plastik-kasa-kapal\u0131-sanayi-30x40x12-gri-100x100.jpg 100w\" sizes=\"(max-width: 600px) 100vw, 600px\" \/><\/a><\/figure><div class=\"elementor-image-box-content\"><h2 class=\"elementor-image-box-title\"><span class=\"ez-toc-section\" id=\"30x40_cm_Serisi_Kapali_Kasa\"><\/span><a href=\"https:\/\/www.eliteplast.com.tr\/en\/urun-kategori\/plastik-kasa\/kapali-tip-plastik-kasa\/30x40-cm-serisi\/\">30x40 cm Series Closed Crate<\/a><span class=\"ez-toc-section-end\"><\/span><\/h2><\/div><\/div>\t\t\t\t<\/div>\n\t\t\t\t<\/div>\n\t\t\t\t<div class=\"elementor-element elementor-element-48cd6be2 elementor-align-justify elementor-widget elementor-widget-button\" data-id=\"48cd6be2\" data-element_type=\"widget\" data-e-type=\"widget\" data-widget_type=\"button.default\">\n\t\t\t\t<div class=\"elementor-widget-container\">\n\t\t\t\t\t\t\t\t\t<div class=\"elementor-button-wrapper\">\n\t\t\t\t\t<a class=\"elementor-button elementor-button-link elementor-size-sm\" href=\"https:\/\/www.eliteplast.com.tr\/en\/urun-kategori\/plastik-kasa\/kapali-tip-plastik-kasa\/30x40-cm-serisi\/\">\n\t\t\t\t\t\t<span class=\"elementor-button-content-wrapper\">\n\t\t\t\t\t\t\t\t\t<span class=\"elementor-button-text\">\u0130ncele<\/span>\n\t\t\t\t\t<\/span>\n\t\t\t\t\t<\/a>\n\t\t\t\t<\/div>\n\t\t\t\t\t\t\t\t<\/div>\n\t\t\t\t<\/div>\n\t\t\t\t\t<\/div>\n\t\t<\/div>\n\t\t\t\t<div class=\"elementor-column elementor-col-50 elementor-top-column elementor-element elementor-element-6149181\" data-id=\"6149181\" data-element_type=\"column\" data-e-type=\"column\">\n\t\t\t<div class=\"elementor-widget-wrap elementor-element-populated\">\n\t\t\t\t\t\t<div class=\"elementor-element elementor-element-1573bce elementor-position-top elementor-widget elementor-widget-image-box\" data-id=\"1573bce\" data-element_type=\"widget\" data-e-type=\"widget\" data-widget_type=\"image-box.default\">\n\t\t\t\t<div class=\"elementor-widget-container\">\n\t\t\t\t\t<div class=\"elementor-image-box-wrapper\"><figure class=\"elementor-image-box-img\"><a href=\"https:\/\/www.eliteplast.com.tr\/en\/urun-kategori\/plastik-kasa\/kapali-tip-plastik-kasa\/40x60-cm-serisi\/\" tabindex=\"-1\"><img decoding=\"async\" width=\"600\" height=\"600\" data-src=\"https:\/\/www.eliteplast.com.tr\/wp-content\/uploads\/2019\/07\/plastik-kasa-kapal\u0131-sanayi-40x60x20-gri.jpg\" class=\"attachment-full size-full wp-image-1203 lazyload\" alt=\"plastik kasa kapal\u0131 tip sanayi kasas\u0131 400x600x200mm gri\" title=\"\" data-srcset=\"https:\/\/www.eliteplast.com.tr\/wp-content\/uploads\/2019\/07\/plastik-kasa-kapal\u0131-sanayi-40x60x20-gri.jpg 600w, https:\/\/www.eliteplast.com.tr\/wp-content\/uploads\/2019\/07\/plastik-kasa-kapal\u0131-sanayi-40x60x20-gri-150x150.jpg 150w, https:\/\/www.eliteplast.com.tr\/wp-content\/uploads\/2019\/07\/plastik-kasa-kapal\u0131-sanayi-40x60x20-gri-300x300.jpg 300w, https:\/\/www.eliteplast.com.tr\/wp-content\/uploads\/2019\/07\/plastik-kasa-kapal\u0131-sanayi-40x60x20-gri-100x100.jpg 100w\" data-sizes=\"(max-width: 600px) 100vw, 600px\" src=\"data:image\/svg+xml;base64,PHN2ZyB3aWR0aD0iMSIgaGVpZ2h0PSIxIiB4bWxucz0iaHR0cDovL3d3dy53My5vcmcvMjAwMC9zdmciPjwvc3ZnPg==\" style=\"--smush-placeholder-width: 600px; --smush-placeholder-aspect-ratio: 600\/600;\" \/><\/a><\/figure><div class=\"elementor-image-box-content\"><h2 class=\"elementor-image-box-title\"><span class=\"ez-toc-section\" id=\"40x60_cm_Serisi_Kapali_Kasa\"><\/span><a href=\"https:\/\/www.eliteplast.com.tr\/en\/urun-kategori\/plastik-kasa\/kapali-tip-plastik-kasa\/40x60-cm-serisi\/\">40x60 cm Series Closed Crate<\/a><span class=\"ez-toc-section-end\"><\/span><\/h2><\/div><\/div>\t\t\t\t<\/div>\n\t\t\t\t<\/div>\n\t\t\t\t<div class=\"elementor-element elementor-element-dc55d35 elementor-align-justify elementor-widget elementor-widget-button\" data-id=\"dc55d35\" data-element_type=\"widget\" data-e-type=\"widget\" data-widget_type=\"button.default\">\n\t\t\t\t<div class=\"elementor-widget-container\">\n\t\t\t\t\t\t\t\t\t<div class=\"elementor-button-wrapper\">\n\t\t\t\t\t<a class=\"elementor-button elementor-button-link elementor-size-sm\" href=\"https:\/\/www.eliteplast.com.tr\/en\/urun-kategori\/plastik-kasa\/kapali-tip-plastik-kasa\/40x60-cm-serisi\/\">\n\t\t\t\t\t\t<span class=\"elementor-button-content-wrapper\">\n\t\t\t\t\t\t\t\t\t<span class=\"elementor-button-text\">\u0130ncele<\/span>\n\t\t\t\t\t<\/span>\n\t\t\t\t\t<\/a>\n\t\t\t\t<\/div>\n\t\t\t\t\t\t\t\t<\/div>\n\t\t\t\t<\/div>\n\t\t\t\t\t<\/div>\n\t\t<\/div>\n\t\t\t\t\t<\/div>\n\t\t<\/section>\n\t\t\t\t<section class=\"elementor-section elementor-top-section elementor-element elementor-element-f570125 elementor-section-boxed elementor-section-height-default elementor-section-height-default\" data-id=\"f570125\" data-element_type=\"section\" data-e-type=\"section\">\n\t\t\t\t\t\t<div class=\"elementor-container elementor-column-gap-default\">\n\t\t\t\t\t<div class=\"elementor-column elementor-col-100 elementor-top-column elementor-element elementor-element-d9a8a5a\" data-id=\"d9a8a5a\" data-element_type=\"column\" data-e-type=\"column\">\n\t\t\t<div class=\"elementor-widget-wrap elementor-element-populated\">\n\t\t\t\t\t\t<div class=\"elementor-element elementor-element-4962f38 elementor-widget elementor-widget-text-editor\" data-id=\"4962f38\" data-element_type=\"widget\" data-e-type=\"widget\" data-widget_type=\"text-editor.default\">\n\t\t\t\t<div class=\"elementor-widget-container\">\n\t\t\t\t\t\t\t\t\t<p>Kapal\u0131 tip plastik kasalar iki \u00f6l\u00e7\u00fcde bulunur: 30&#215;40 cm ve 40&#215;60 cm. Hangi derinlikte plastik kasaya ihtiyac\u0131n\u0131z varsa &#8220;incele&#8221; butonuna t\u0131klayarak derinlik se\u00e7eneklerini g\u00f6rebilirsiniz. Kapal\u0131 tip plastik kasalar <b>\u00f6n\u00fc a\u00e7\u0131k <\/b>and <b>\u00f6n\u00fc kapal\u0131 <\/b>\u015fekilde sipari\u015f edilebilir. Bununla birlikte tutma yerleri a\u00e7\u0131k ve kapal\u0131 olacak \u015fekilde \u00fcretim talebinde bulunabilirsiniz.<\/p>\t\t\t\t\t\t\t\t<\/div>\n\t\t\t\t<\/div>\n\t\t\t\t\t<\/div>\n\t\t<\/div>\n\t\t\t\t\t<\/div>\n\t\t<\/section>\n\t\t\t\t<\/div>","protected":false},"excerpt":{"rendered":"<p>30&#215;40 cm Serisi Kapal\u0131 Kasa \u0130ncele 40&#215;60 cm Serisi Kapal\u0131 Kasa \u0130ncele Kapal\u0131 tip plastik kasalar iki \u00f6l\u00e7\u00fcde bulunur: 30&#215;40 cm ve 40&#215;60 cm. Hangi derinlikte plastik kasaya ihtiyac\u0131n\u0131z varsa &#8220;incele&#8221; butonuna t\u0131klayarak derinlik se\u00e7eneklerini g\u00f6rebilirsiniz. Kapal\u0131 tip plastik kasalar \u00f6n\u00fc a\u00e7\u0131k ve \u00f6n\u00fc kapal\u0131 \u015fekilde sipari\u015f edilebilir. Bununla birlikte tutma yerleri a\u00e7\u0131k ve kapal\u0131 [&hellip;]<\/p>\n","protected":false},"author":1,"featured_media":0,"parent":0,"menu_order":0,"comment_status":"closed","ping_status":"closed","template":"","meta":{"om_disable_all_campaigns":false,"_monsterinsights_skip_tracking":false,"_monsterinsights_sitenote_active":false,"_monsterinsights_sitenote_note":"","_monsterinsights_sitenote_category":0,"_uf_show_specific_survey":0,"_uf_disable_surveys":false,"footnotes":""},"class_list":["post-1219","page","type-page","status-publish","hentry","entry","owp-thumbs-layout-horizontal","owp-btn-normal","owp-tabs-layout-horizontal","has-no-thumbnails","has-product-nav"],"jetpack_sharing_enabled":true,"_links":{"self":[{"href":"https:\/\/www.eliteplast.com.tr\/en\/wp-json\/wp\/v2\/pages\/1219","targetHints":{"allow":["GET"]}}],"collection":[{"href":"https:\/\/www.eliteplast.com.tr\/en\/wp-json\/wp\/v2\/pages"}],"about":[{"href":"https:\/\/www.eliteplast.com.tr\/en\/wp-json\/wp\/v2\/types\/page"}],"author":[{"embeddable":true,"href":"https:\/\/www.eliteplast.com.tr\/en\/wp-json\/wp\/v2\/users\/1"}],"replies":[{"embeddable":true,"href":"https:\/\/www.eliteplast.com.tr\/en\/wp-json\/wp\/v2\/comments?post=1219"}],"version-history":[{"count":8,"href":"https:\/\/www.eliteplast.com.tr\/en\/wp-json\/wp\/v2\/pages\/1219\/revisions"}],"predecessor-version":[{"id":7714,"href":"https:\/\/www.eliteplast.com.tr\/en\/wp-json\/wp\/v2\/pages\/1219\/revisions\/7714"}],"wp:attachment":[{"href":"https:\/\/www.eliteplast.com.tr\/en\/wp-json\/wp\/v2\/media?parent=1219"}],"curies":[{"name":"wp","href":"https:\/\/api.w.org\/{rel}","templated":true}]}}